{"id":119,"date":"2016-09-30T06:56:35","date_gmt":"2016-09-30T06:56:35","guid":{"rendered":"http:\/\/shirleylaw.com\/?page_id=119"},"modified":"2016-11-21T10:19:58","modified_gmt":"2016-11-21T10:19:58","slug":"family-law","status":"publish","type":"page","link":"https:\/\/www.shirleylaw.com\/es\/family-law\/","title":{"rendered":"Derecho de Familia"},"content":{"rendered":"<p><\/p>\n<p class=\"contenido_c\" align=\"justify\">\n<p align=\"justify\"><span class=\"contenido_text\">El derecho de familia est\u00e1 integrado por el conjunto de reglas jur\u00eddicas que regulan las relaciones familiares. En el derecho de familia, el orden p\u00fablico domina numerosas disposiciones (las que regulan las relaciones personales entre los c\u00f3nyuges, las relaciones paterno filiales, las que determinan el r\u00e9gimen patrimonial del matrimonio, la calificaci\u00f3n de los bienes de los c\u00f3nyuges, etc.) El inter\u00e9s superior del menor limita las facultades individuales.<\/span><\/p>\n<p class=\"contenido_text\">Shirley y Asociados asesora en diversos asuntos dentro del Derecho de familia. Entre los que podemos mencionar:<\/p>\n<ul>\n<li>\n<div align=\"left\"><span class=\"contenido_text\"><strong>Matrimonio de hecho post mortem<\/strong><\/span><\/div>\n<\/li>\n<li>\n<div align=\"left\"><span class=\"contenido_text\"><strong>Matrimonio de hecho<\/strong><\/span><\/div>\n<\/li>\n<li>\n<div align=\"left\"><span class=\"contenido_text\"><strong>Nulidad de matrimonio<\/strong><\/span><\/div>\n<\/li>\n<li>\n<div align=\"left\"><span class=\"contenido_text\"><strong>Filiaci\u00f3n<\/strong><\/span><\/div>\n<\/li>\n<\/ul>\n<div>\n<div align=\"left\">\n<ul>\n<li><span class=\"contenido_text\"><strong>Impugnaci\u00f3n\u00a0 de paternidad<\/strong><\/span><\/li>\n<li><span class=\"contenido_text\"><strong>Asuntos de menores<\/strong><\/span><\/li>\n<\/ul>\n<\/div>\n<\/div>\n<p><\/p>","protected":false},"excerpt":{"rendered":"<p>El derecho de familia est\u00e1 integrado por el conjunto de reglas jur\u00eddicas que regulan las relaciones familiares. En el derecho de familia, el orden p\u00fablico domina numerosas disposiciones (las que regulan las relaciones personales entre los c\u00f3nyuges, las relaciones paterno filiales, las que determinan el r\u00e9gimen patrimonial del matrimonio, la calificaci\u00f3n de los bienes de [&hellip;]<\/p>\n","protected":false},"author":1,"featured_media":43,"parent":0,"menu_order":0,"comment_status":"closed","ping_status":"closed","template":"page-family.php","meta":{"footnotes":""},"class_list":["post-119","page","type-page","status-publish","has-post-thumbnail","hentry"],"_links":{"self":[{"href":"https:\/\/www.shirleylaw.com\/es\/wp-json\/wp\/v2\/pages\/119","targetHints":{"allow":["GET"]}}],"collection":[{"href":"https:\/\/www.shirleylaw.com\/es\/wp-json\/wp\/v2\/pages"}],"about":[{"href":"https:\/\/www.shirleylaw.com\/es\/wp-json\/wp\/v2\/types\/page"}],"author":[{"embeddable":true,"href":"https:\/\/www.shirleylaw.com\/es\/wp-json\/wp\/v2\/users\/1"}],"replies":[{"embeddable":true,"href":"https:\/\/www.shirleylaw.com\/es\/wp-json\/wp\/v2\/comments?post=119"}],"version-history":[{"count":3,"href":"https:\/\/www.shirleylaw.com\/es\/wp-json\/wp\/v2\/pages\/119\/revisions"}],"predecessor-version":[{"id":694,"href":"https:\/\/www.shirleylaw.com\/es\/wp-json\/wp\/v2\/pages\/119\/revisions\/694"}],"wp:featuredmedia":[{"embeddable":true,"href":"https:\/\/www.shirleylaw.com\/es\/wp-json\/wp\/v2\/media\/43"}],"wp:attachment":[{"href":"https:\/\/www.shirleylaw.com\/es\/wp-json\/wp\/v2\/media?parent=119"}],"curies":[{"name":"wp","href":"https:\/\/api.w.org\/{rel}","templated":true}]}}