{"id":141,"date":"2016-09-30T07:13:34","date_gmt":"2016-09-30T07:13:34","guid":{"rendered":"http:\/\/shirleylaw.com\/?page_id=141"},"modified":"2016-11-21T10:20:13","modified_gmt":"2016-11-21T10:20:13","slug":"economic-marital-regimens","status":"publish","type":"page","link":"https:\/\/www.shirleylaw.com\/es\/family-law\/economic-marital-regimens\/","title":{"rendered":"Reg\u00edmenes Econ\u00f3micos Matrimoniales"},"content":{"rendered":"<p>Son aquellos que se estipulan dentro de las Capitulaciones Matrimoniales, y en nuestra legislaci\u00f3n se contemplan los diferentes reg\u00edmenes a saber:<\/p>\n<p>R\u00e9gimen de participaci\u00f3n a las Ganancias<br \/>\nR\u00e9gimen de Separaci\u00f3n de Bienes<br \/>\nR\u00e9gimen de la Sociedad de Gananciales<\/p>","protected":false},"excerpt":{"rendered":"<p>Son aquellos que se estipulan dentro de las Capitulaciones Matrimoniales, y en nuestra legislaci\u00f3n se contemplan los diferentes reg\u00edmenes a saber: R\u00e9gimen de participaci\u00f3n a las Ganancias R\u00e9gimen de Separaci\u00f3n de Bienes R\u00e9gimen de la Sociedad de Gananciales<\/p>\n","protected":false},"author":1,"featured_media":43,"parent":119,"menu_order":0,"comment_status":"closed","ping_status":"closed","template":"page-inner-familylaw.php","meta":{"footnotes":""},"class_list":["post-141","page","type-page","status-publish","has-post-thumbnail","hentry"],"_links":{"self":[{"href":"https:\/\/www.shirleylaw.com\/es\/wp-json\/wp\/v2\/pages\/141","targetHints":{"allow":["GET"]}}],"collection":[{"href":"https:\/\/www.shirleylaw.com\/es\/wp-json\/wp\/v2\/pages"}],"about":[{"href":"https:\/\/www.shirleylaw.com\/es\/wp-json\/wp\/v2\/types\/page"}],"author":[{"embeddable":true,"href":"https:\/\/www.shirleylaw.com\/es\/wp-json\/wp\/v2\/users\/1"}],"replies":[{"embeddable":true,"href":"https:\/\/www.shirleylaw.com\/es\/wp-json\/wp\/v2\/comments?post=141"}],"version-history":[{"count":4,"href":"https:\/\/www.shirleylaw.com\/es\/wp-json\/wp\/v2\/pages\/141\/revisions"}],"predecessor-version":[{"id":740,"href":"https:\/\/www.shirleylaw.com\/es\/wp-json\/wp\/v2\/pages\/141\/revisions\/740"}],"up":[{"embeddable":true,"href":"https:\/\/www.shirleylaw.com\/es\/wp-json\/wp\/v2\/pages\/119"}],"wp:featuredmedia":[{"embeddable":true,"href":"https:\/\/www.shirleylaw.com\/es\/wp-json\/wp\/v2\/media\/43"}],"wp:attachment":[{"href":"https:\/\/www.shirleylaw.com\/es\/wp-json\/wp\/v2\/media?parent=141"}],"curies":[{"name":"wp","href":"https:\/\/api.w.org\/{rel}","templated":true}]}}