{"id":143,"date":"2016-09-30T07:14:15","date_gmt":"2016-09-30T07:14:15","guid":{"rendered":"http:\/\/shirleylaw.com\/?page_id=143"},"modified":"2016-11-21T10:20:24","modified_gmt":"2016-11-21T10:20:24","slug":"processes-of-divorce","status":"publish","type":"page","link":"https:\/\/www.shirleylaw.com\/es\/family-law\/processes-of-divorce\/","title":{"rendered":"Procesos de Divorcio"},"content":{"rendered":"<p><\/p>\n<p class=\"contenido_c\" align=\"justify\">\n<p class=\"contenido_text\">Consiste en el Proceso Judicial ante un Juez de Seccional de Familia por medio del cual se persigue desatar el v\u00ednculo matrimonial entre los c\u00f3nyuges, de acuerdo a causales taxativas contenidas en el C\u00f3digo de Familia.<\/p>\n<p><\/p>","protected":false},"excerpt":{"rendered":"<p>Consiste en el Proceso Judicial ante un Juez de Seccional de Familia por medio del cual se persigue desatar el v\u00ednculo matrimonial entre los c\u00f3nyuges, de acuerdo a causales taxativas contenidas en el C\u00f3digo de Familia.<\/p>\n","protected":false},"author":1,"featured_media":43,"parent":119,"menu_order":0,"comment_status":"closed","ping_status":"closed","template":"page-inner-familylaw.php","meta":{"footnotes":""},"class_list":["post-143","page","type-page","status-publish","has-post-thumbnail","hentry"],"_links":{"self":[{"href":"https:\/\/www.shirleylaw.com\/es\/wp-json\/wp\/v2\/pages\/143","targetHints":{"allow":["GET"]}}],"collection":[{"href":"https:\/\/www.shirleylaw.com\/es\/wp-json\/wp\/v2\/pages"}],"about":[{"href":"https:\/\/www.shirleylaw.com\/es\/wp-json\/wp\/v2\/types\/page"}],"author":[{"embeddable":true,"href":"https:\/\/www.shirleylaw.com\/es\/wp-json\/wp\/v2\/users\/1"}],"replies":[{"embeddable":true,"href":"https:\/\/www.shirleylaw.com\/es\/wp-json\/wp\/v2\/comments?post=143"}],"version-history":[{"count":3,"href":"https:\/\/www.shirleylaw.com\/es\/wp-json\/wp\/v2\/pages\/143\/revisions"}],"predecessor-version":[{"id":698,"href":"https:\/\/www.shirleylaw.com\/es\/wp-json\/wp\/v2\/pages\/143\/revisions\/698"}],"up":[{"embeddable":true,"href":"https:\/\/www.shirleylaw.com\/es\/wp-json\/wp\/v2\/pages\/119"}],"wp:featuredmedia":[{"embeddable":true,"href":"https:\/\/www.shirleylaw.com\/es\/wp-json\/wp\/v2\/media\/43"}],"wp:attachment":[{"href":"https:\/\/www.shirleylaw.com\/es\/wp-json\/wp\/v2\/media?parent=143"}],"curies":[{"name":"wp","href":"https:\/\/api.w.org\/{rel}","templated":true}]}}