{"id":148,"date":"2016-09-30T07:15:54","date_gmt":"2016-09-30T07:15:54","guid":{"rendered":"http:\/\/shirleylaw.com\/?page_id=148"},"modified":"2016-11-21T10:20:02","modified_gmt":"2016-11-21T10:20:02","slug":"adoptions","status":"publish","type":"page","link":"https:\/\/www.shirleylaw.com\/es\/family-law\/adoptions\/","title":{"rendered":"Adopciones"},"content":{"rendered":"<p><\/p>\n<p class=\"contenido_c\" align=\"justify\">\n<p class=\"contenido_text\">Constituye una instituci\u00f3n de protecci\u00f3n familiar y social, y consiste en un acto Jur\u00eddico por medio del cual se conforma un nexo familiar entre personas que en realidad no poseen v\u00ednculos consangu\u00edneos. En Panam\u00e1, lo relativo a la Adopci\u00f3n se encuentra normado en la Ley No. 18 del 2 de Mayo de 2001.<br \/>\nLas Adopciones Internacionales se encuentran reguladas mediante la Ley 33 de 1998 por la cual se aprueba el Convenio Relativo a la Protecci\u00f3n del Ni\u00f1o y la Ni\u00f1a y a la Cooperaci\u00f3n en materia de Adopci\u00f3n Internacional, firmado en la Haya el 29 de Mayo de 1993<\/p>\n<p><\/p>","protected":false},"excerpt":{"rendered":"<p>Constituye una instituci\u00f3n de protecci\u00f3n familiar y social, y consiste en un acto Jur\u00eddico por medio del cual se conforma un nexo familiar entre personas que en realidad no poseen v\u00ednculos consangu\u00edneos. En Panam\u00e1, lo relativo a la Adopci\u00f3n se encuentra normado en la Ley No. 18 del 2 de Mayo de 2001. Las Adopciones [&hellip;]<\/p>\n","protected":false},"author":1,"featured_media":43,"parent":119,"menu_order":0,"comment_status":"closed","ping_status":"closed","template":"page-inner-familylaw.php","meta":{"footnotes":""},"class_list":["post-148","page","type-page","status-publish","has-post-thumbnail","hentry"],"_links":{"self":[{"href":"https:\/\/www.shirleylaw.com\/es\/wp-json\/wp\/v2\/pages\/148","targetHints":{"allow":["GET"]}}],"collection":[{"href":"https:\/\/www.shirleylaw.com\/es\/wp-json\/wp\/v2\/pages"}],"about":[{"href":"https:\/\/www.shirleylaw.com\/es\/wp-json\/wp\/v2\/types\/page"}],"author":[{"embeddable":true,"href":"https:\/\/www.shirleylaw.com\/es\/wp-json\/wp\/v2\/users\/1"}],"replies":[{"embeddable":true,"href":"https:\/\/www.shirleylaw.com\/es\/wp-json\/wp\/v2\/comments?post=148"}],"version-history":[{"count":3,"href":"https:\/\/www.shirleylaw.com\/es\/wp-json\/wp\/v2\/pages\/148\/revisions"}],"predecessor-version":[{"id":695,"href":"https:\/\/www.shirleylaw.com\/es\/wp-json\/wp\/v2\/pages\/148\/revisions\/695"}],"up":[{"embeddable":true,"href":"https:\/\/www.shirleylaw.com\/es\/wp-json\/wp\/v2\/pages\/119"}],"wp:featuredmedia":[{"embeddable":true,"href":"https:\/\/www.shirleylaw.com\/es\/wp-json\/wp\/v2\/media\/43"}],"wp:attachment":[{"href":"https:\/\/www.shirleylaw.com\/es\/wp-json\/wp\/v2\/media?parent=148"}],"curies":[{"name":"wp","href":"https:\/\/api.w.org\/{rel}","templated":true}]}}