{"id":152,"date":"2016-09-30T07:26:29","date_gmt":"2016-09-30T07:26:29","guid":{"rendered":"http:\/\/shirleylaw.com\/?page_id=152"},"modified":"2016-11-21T10:15:47","modified_gmt":"2016-11-21T10:15:47","slug":"civil-law","status":"publish","type":"page","link":"https:\/\/www.shirleylaw.com\/es\/civil-law\/","title":{"rendered":"Derecho Civil"},"content":{"rendered":"<p><\/p>\n<p class=\"contenido_text\">El derecho civil es la rama del derecho privado que se refiere al estado y capacidad de las personas, la familia, el patrimonio, la transmisi\u00f3n de bienes, los contratos y las obligaciones.<\/p>\n<p class=\"contenido_text\">Nuestro departamento de Derecho Civil, tambi\u00e9n ofrece asesoramiento en contratos y transacciones de car\u00e1cter no comercial.<\/p>\n<p class=\"contenido_text\">Tambi\u00e9n ayudamos con las transacciones inmobiliarias de todo tipo, incluyendo:<\/p>\n<ul>\n<li class=\"contenido_text\">Compra y Venta de Contratos de<\/li>\n<li class=\"contenido_text\">Contratos de Alquiler<\/li>\n<li class=\"contenido_text\">Revisi\u00f3n de Contratos o Home Mortgage<\/li>\n<li class=\"contenido_text\">Creaci\u00f3n y registro de derechos de paso y otros grav\u00e1menes a la titularidad.<\/li>\n<\/ul>\n<p class=\"contenido_text\"><strong>Contratos civiles<\/strong><\/p>\n<p class=\"contenido_text\">Shirley &amp; Associates puede ayudar con la redacci\u00f3n de una amplia gama de contratos civiles, que incluyen:<\/p>\n<ul>\n<li class=\"contenido_text\">Acuerdos de Compra y Venta de<\/li>\n<li class=\"contenido_text\">Las promesas de venta<\/li>\n<li class=\"contenido_text\">promesa de hipoteca o prenda<\/li>\n<li class=\"contenido_text\">Venta o cesi\u00f3n de cr\u00e9ditos, derechos incorporales, o de los derechos hereditarios<\/li>\n<li class=\"contenido_text\">Acuerdos de Intercambio de<\/li>\n<li class=\"contenido_text\">Donaci\u00f3n entre vivos<\/li>\n<li class=\"contenido_text\">Contratos de Arrendamiento<\/li>\n<\/ul>\n<p>&nbsp;<\/p>","protected":false},"excerpt":{"rendered":"<p>El derecho civil es la rama del derecho privado que se refiere al estado y capacidad de las personas, la familia, el patrimonio, la transmisi\u00f3n de bienes, los contratos y las obligaciones. Nuestro departamento de Derecho Civil, tambi\u00e9n ofrece asesoramiento en contratos y transacciones de car\u00e1cter no comercial. Tambi\u00e9n ayudamos con las transacciones inmobiliarias de [&hellip;]<\/p>\n","protected":false},"author":1,"featured_media":43,"parent":0,"menu_order":0,"comment_status":"closed","ping_status":"closed","template":"page-civil.php","meta":{"footnotes":""},"class_list":["post-152","page","type-page","status-publish","has-post-thumbnail","hentry"],"_links":{"self":[{"href":"https:\/\/www.shirleylaw.com\/es\/wp-json\/wp\/v2\/pages\/152","targetHints":{"allow":["GET"]}}],"collection":[{"href":"https:\/\/www.shirleylaw.com\/es\/wp-json\/wp\/v2\/pages"}],"about":[{"href":"https:\/\/www.shirleylaw.com\/es\/wp-json\/wp\/v2\/types\/page"}],"author":[{"embeddable":true,"href":"https:\/\/www.shirleylaw.com\/es\/wp-json\/wp\/v2\/users\/1"}],"replies":[{"embeddable":true,"href":"https:\/\/www.shirleylaw.com\/es\/wp-json\/wp\/v2\/comments?post=152"}],"version-history":[{"count":8,"href":"https:\/\/www.shirleylaw.com\/es\/wp-json\/wp\/v2\/pages\/152\/revisions"}],"predecessor-version":[{"id":958,"href":"https:\/\/www.shirleylaw.com\/es\/wp-json\/wp\/v2\/pages\/152\/revisions\/958"}],"wp:featuredmedia":[{"embeddable":true,"href":"https:\/\/www.shirleylaw.com\/es\/wp-json\/wp\/v2\/media\/43"}],"wp:attachment":[{"href":"https:\/\/www.shirleylaw.com\/es\/wp-json\/wp\/v2\/media?parent=152"}],"curies":[{"name":"wp","href":"https:\/\/api.w.org\/{rel}","templated":true}]}}