{"id":163,"date":"2016-09-30T07:40:00","date_gmt":"2016-09-30T07:40:00","guid":{"rendered":"http:\/\/shirleylaw.com\/?page_id=163"},"modified":"2016-11-21T10:15:51","modified_gmt":"2016-11-21T10:15:51","slug":"civil-litigation","status":"publish","type":"page","link":"https:\/\/www.shirleylaw.com\/es\/civil-law\/civil-litigation\/","title":{"rendered":"Litigio Civil"},"content":{"rendered":"<p><span class=\"contenido_text\">La firma tiene experiencia en litigios civiles, ya sean derivados de los asuntos de familia, cuestiones testamentarias, las obligaciones contractuales o de responsabilidad tortuosa.<br \/>\nNuestro Departamento de Litigios gestiona los asuntos civiles tambi\u00e9n. Los casos oscilan desde el nivel local las causas penales a los asuntos mar\u00edtimos internacionales, as\u00ed como la representaci\u00f3n de clientes ante los organismos administrativos o los tribunales de trabajo. La firma tambi\u00e9n tiene experiencia en la presentaci\u00f3n de casos en el arbitraje.<\/span><\/p>","protected":false},"excerpt":{"rendered":"<p>La firma tiene experiencia en litigios civiles, ya sean derivados de los asuntos de familia, cuestiones testamentarias, las obligaciones contractuales o de responsabilidad tortuosa. Nuestro Departamento de Litigios gestiona los asuntos civiles tambi\u00e9n. Los casos oscilan desde el nivel local las causas penales a los asuntos mar\u00edtimos internacionales, as\u00ed como la representaci\u00f3n de clientes ante [&hellip;]<\/p>\n","protected":false},"author":1,"featured_media":43,"parent":152,"menu_order":0,"comment_status":"closed","ping_status":"closed","template":"page-inner-civil.php","meta":{"footnotes":""},"class_list":["post-163","page","type-page","status-publish","has-post-thumbnail","hentry"],"_links":{"self":[{"href":"https:\/\/www.shirleylaw.com\/es\/wp-json\/wp\/v2\/pages\/163","targetHints":{"allow":["GET"]}}],"collection":[{"href":"https:\/\/www.shirleylaw.com\/es\/wp-json\/wp\/v2\/pages"}],"about":[{"href":"https:\/\/www.shirleylaw.com\/es\/wp-json\/wp\/v2\/types\/page"}],"author":[{"embeddable":true,"href":"https:\/\/www.shirleylaw.com\/es\/wp-json\/wp\/v2\/users\/1"}],"replies":[{"embeddable":true,"href":"https:\/\/www.shirleylaw.com\/es\/wp-json\/wp\/v2\/comments?post=163"}],"version-history":[{"count":3,"href":"https:\/\/www.shirleylaw.com\/es\/wp-json\/wp\/v2\/pages\/163\/revisions"}],"predecessor-version":[{"id":736,"href":"https:\/\/www.shirleylaw.com\/es\/wp-json\/wp\/v2\/pages\/163\/revisions\/736"}],"up":[{"embeddable":true,"href":"https:\/\/www.shirleylaw.com\/es\/wp-json\/wp\/v2\/pages\/152"}],"wp:featuredmedia":[{"embeddable":true,"href":"https:\/\/www.shirleylaw.com\/es\/wp-json\/wp\/v2\/media\/43"}],"wp:attachment":[{"href":"https:\/\/www.shirleylaw.com\/es\/wp-json\/wp\/v2\/media?parent=163"}],"curies":[{"name":"wp","href":"https:\/\/api.w.org\/{rel}","templated":true}]}}