{"id":165,"date":"2016-09-30T07:41:06","date_gmt":"2016-09-30T07:41:06","guid":{"rendered":"http:\/\/shirleylaw.com\/?page_id=165"},"modified":"2016-11-21T10:15:57","modified_gmt":"2016-11-21T10:15:57","slug":"inheritance","status":"publish","type":"page","link":"https:\/\/www.shirleylaw.com\/es\/civil-law\/inheritance\/","title":{"rendered":"Sucesiones"},"content":{"rendered":"<p>Los abogados de la Firma, en lo relacionado con la planificaci\u00f3n patrimonial, asisten a los clientes, en cuanto a la distribuci\u00f3n de bienes por testamento y protecci\u00f3n a bienes, por medio de fideicomisos y fundaciones. Preparamos testamentos y proporcionamos asesor\u00eda con relaci\u00f3n a reclamos contra el patrimonio. Adem\u00e1s, atendemos lo relativo a las legalizaciones.<br \/>\nLa Firma, tambi\u00e9n ofrece consultor\u00eda en asuntos matrimoniales, como acuerdos prenupciales, contratos para divisi\u00f3n de los bienes y otros asuntos familiares similares. Brindamos, adem\u00e1s, asesor\u00eda fiscal necesaria sobre la planificaci\u00f3n patrimonia<\/p>","protected":false},"excerpt":{"rendered":"<p>Los abogados de la Firma, en lo relacionado con la planificaci\u00f3n patrimonial, asisten a los clientes, en cuanto a la distribuci\u00f3n de bienes por testamento y protecci\u00f3n a bienes, por medio de fideicomisos y fundaciones. Preparamos testamentos y proporcionamos asesor\u00eda con relaci\u00f3n a reclamos contra el patrimonio. Adem\u00e1s, atendemos lo relativo a las legalizaciones. La [&hellip;]<\/p>\n","protected":false},"author":1,"featured_media":43,"parent":152,"menu_order":0,"comment_status":"closed","ping_status":"closed","template":"page-inner-civil.php","meta":{"footnotes":""},"class_list":["post-165","page","type-page","status-publish","has-post-thumbnail","hentry"],"_links":{"self":[{"href":"https:\/\/www.shirleylaw.com\/es\/wp-json\/wp\/v2\/pages\/165","targetHints":{"allow":["GET"]}}],"collection":[{"href":"https:\/\/www.shirleylaw.com\/es\/wp-json\/wp\/v2\/pages"}],"about":[{"href":"https:\/\/www.shirleylaw.com\/es\/wp-json\/wp\/v2\/types\/page"}],"author":[{"embeddable":true,"href":"https:\/\/www.shirleylaw.com\/es\/wp-json\/wp\/v2\/users\/1"}],"replies":[{"embeddable":true,"href":"https:\/\/www.shirleylaw.com\/es\/wp-json\/wp\/v2\/comments?post=165"}],"version-history":[{"count":3,"href":"https:\/\/www.shirleylaw.com\/es\/wp-json\/wp\/v2\/pages\/165\/revisions"}],"predecessor-version":[{"id":737,"href":"https:\/\/www.shirleylaw.com\/es\/wp-json\/wp\/v2\/pages\/165\/revisions\/737"}],"up":[{"embeddable":true,"href":"https:\/\/www.shirleylaw.com\/es\/wp-json\/wp\/v2\/pages\/152"}],"wp:featuredmedia":[{"embeddable":true,"href":"https:\/\/www.shirleylaw.com\/es\/wp-json\/wp\/v2\/media\/43"}],"wp:attachment":[{"href":"https:\/\/www.shirleylaw.com\/es\/wp-json\/wp\/v2\/media?parent=165"}],"curies":[{"name":"wp","href":"https:\/\/api.w.org\/{rel}","templated":true}]}}