{"id":169,"date":"2016-09-30T07:48:30","date_gmt":"2016-09-30T07:48:30","guid":{"rendered":"http:\/\/shirleylaw.com\/?page_id=169"},"modified":"2016-11-21T08:48:27","modified_gmt":"2016-11-21T08:48:27","slug":"administrative-law","status":"publish","type":"page","link":"https:\/\/www.shirleylaw.com\/es\/administrative-law\/","title":{"rendered":"Derecho Administrativo"},"content":{"rendered":"<p><\/p>\n<p>El Derecho administrativo es el conjunto de normas jur\u00eddicas que regula la organizaci\u00f3n, funcionamiento y atribuciones de la Administraci\u00f3n p\u00fablica en sus relaciones con los particulares y con otras Administraciones P\u00fablicas.<\/p>","protected":false},"excerpt":{"rendered":"<p>El Derecho administrativo es el conjunto de normas jur\u00eddicas que regula la organizaci\u00f3n, funcionamiento y atribuciones de la Administraci\u00f3n p\u00fablica en sus relaciones con los particulares y con otras Administraciones P\u00fablicas.<\/p>\n","protected":false},"author":1,"featured_media":43,"parent":0,"menu_order":0,"comment_status":"closed","ping_status":"closed","template":"page-administrativel.php","meta":{"footnotes":""},"class_list":["post-169","page","type-page","status-publish","has-post-thumbnail","hentry"],"_links":{"self":[{"href":"https:\/\/www.shirleylaw.com\/es\/wp-json\/wp\/v2\/pages\/169","targetHints":{"allow":["GET"]}}],"collection":[{"href":"https:\/\/www.shirleylaw.com\/es\/wp-json\/wp\/v2\/pages"}],"about":[{"href":"https:\/\/www.shirleylaw.com\/es\/wp-json\/wp\/v2\/types\/page"}],"author":[{"embeddable":true,"href":"https:\/\/www.shirleylaw.com\/es\/wp-json\/wp\/v2\/users\/1"}],"replies":[{"embeddable":true,"href":"https:\/\/www.shirleylaw.com\/es\/wp-json\/wp\/v2\/comments?post=169"}],"version-history":[{"count":5,"href":"https:\/\/www.shirleylaw.com\/es\/wp-json\/wp\/v2\/pages\/169\/revisions"}],"predecessor-version":[{"id":670,"href":"https:\/\/www.shirleylaw.com\/es\/wp-json\/wp\/v2\/pages\/169\/revisions\/670"}],"wp:featuredmedia":[{"embeddable":true,"href":"https:\/\/www.shirleylaw.com\/es\/wp-json\/wp\/v2\/media\/43"}],"wp:attachment":[{"href":"https:\/\/www.shirleylaw.com\/es\/wp-json\/wp\/v2\/media?parent=169"}],"curies":[{"name":"wp","href":"https:\/\/api.w.org\/{rel}","templated":true}]}}