{"id":181,"date":"2016-10-03T03:48:43","date_gmt":"2016-10-03T03:48:43","guid":{"rendered":"http:\/\/shirleylaw.com\/?page_id=181"},"modified":"2016-11-21T10:27:40","modified_gmt":"2016-11-21T10:27:40","slug":"environment-energy-and-natural-resources","status":"publish","type":"page","link":"https:\/\/www.shirleylaw.com\/es\/specialized-areas-of-practice\/environment-energy-and-natural-resources\/","title":{"rendered":"Ambiente, Energ\u00eda y Recursos Naturales"},"content":{"rendered":"<p><\/p>\n<p class=\"contenido_text\">Debido a la adopci\u00f3n de legislaci\u00f3n y reglamentaci\u00f3n en asuntos ambientales en 1998, nuestra Firma se ha especializado en esta materia. Asesoramos a clientes del efecto que tendr\u00eda esta nueva legislaci\u00f3n en sus negocios o proyectos, adem\u00e1s de ayudar a clientes con acatamiento a dichas normas. Los servicios incluyen la obtenci\u00f3n de los permisos requeridos para la operaci\u00f3n de un negocio o f\u00e1brica, adem\u00e1s de coordinaci\u00f3n de la preparaci\u00f3n de reportes de impacto ambiental.<\/p>\n<p><\/p>","protected":false},"excerpt":{"rendered":"<p>Debido a la adopci\u00f3n de legislaci\u00f3n y reglamentaci\u00f3n en asuntos ambientales en 1998, nuestra Firma se ha especializado en esta materia. Asesoramos a clientes del efecto que tendr\u00eda esta nueva legislaci\u00f3n en sus negocios o proyectos, adem\u00e1s de ayudar a clientes con acatamiento a dichas normas. Los servicios incluyen la obtenci\u00f3n de los permisos requeridos [&hellip;]<\/p>\n","protected":false},"author":1,"featured_media":43,"parent":174,"menu_order":0,"comment_status":"closed","ping_status":"closed","template":"page-inner-speciall.php","meta":{"footnotes":""},"class_list":["post-181","page","type-page","status-publish","has-post-thumbnail","hentry"],"_links":{"self":[{"href":"https:\/\/www.shirleylaw.com\/es\/wp-json\/wp\/v2\/pages\/181","targetHints":{"allow":["GET"]}}],"collection":[{"href":"https:\/\/www.shirleylaw.com\/es\/wp-json\/wp\/v2\/pages"}],"about":[{"href":"https:\/\/www.shirleylaw.com\/es\/wp-json\/wp\/v2\/types\/page"}],"author":[{"embeddable":true,"href":"https:\/\/www.shirleylaw.com\/es\/wp-json\/wp\/v2\/users\/1"}],"replies":[{"embeddable":true,"href":"https:\/\/www.shirleylaw.com\/es\/wp-json\/wp\/v2\/comments?post=181"}],"version-history":[{"count":5,"href":"https:\/\/www.shirleylaw.com\/es\/wp-json\/wp\/v2\/pages\/181\/revisions"}],"predecessor-version":[{"id":742,"href":"https:\/\/www.shirleylaw.com\/es\/wp-json\/wp\/v2\/pages\/181\/revisions\/742"}],"up":[{"embeddable":true,"href":"https:\/\/www.shirleylaw.com\/es\/wp-json\/wp\/v2\/pages\/174"}],"wp:featuredmedia":[{"embeddable":true,"href":"https:\/\/www.shirleylaw.com\/es\/wp-json\/wp\/v2\/media\/43"}],"wp:attachment":[{"href":"https:\/\/www.shirleylaw.com\/es\/wp-json\/wp\/v2\/media?parent=181"}],"curies":[{"name":"wp","href":"https:\/\/api.w.org\/{rel}","templated":true}]}}