{"id":187,"date":"2016-10-03T03:56:33","date_gmt":"2016-10-03T03:56:33","guid":{"rendered":"http:\/\/shirleylaw.com\/?page_id=187"},"modified":"2016-11-21T10:27:46","modified_gmt":"2016-11-21T10:27:46","slug":"real-estate","status":"publish","type":"page","link":"https:\/\/www.shirleylaw.com\/es\/specialized-areas-of-practice\/real-estate\/","title":{"rendered":"Bienes Ra\u00edces"},"content":{"rendered":"<p>Adquirir un bien inmueble ha de ser un tr\u00e1mite sencillo y sin mayores complicaciones. Shirley y Asociados es una firma de abogados que le puede ayudar en todo el proceso relacionado con la adquisici\u00f3n o disposici\u00f3n de bienes inmuebles. Es necesario en estas transacciones conocer la propiedad, el o los vendedores, comprador o compradores y los agentes facilitadores, entendi\u00e9ndose por tales a los Corredores de Bienes Ra\u00edces.<\/p>\n<p class=\"contenido_text\">El art\u00edculo Consejos del desconfiado contiene informaci\u00f3n \u00fatil y f\u00e1cil de entender para el comprador que desea saber los pasos a seguir para comprar una propiedad que se encuentra registrada en el Registro P\u00fablico de la Rep\u00fablica de Panam\u00e1. Existen sutilezas en esta tema que deben conocerse y que solo su abogado de confianza le puede explicar con la finalidad de salvaguardar sus intereses.<\/p>\n<div>\n<p class=\"contenido_text\">En este breve art\u00edculo destinado a nuestros clientes y a todo visitante de nuestro web site, se ha explicado tambi\u00e9n el tema de los impuestos a pagar, documentos necesarios, categor\u00edas de tierras y el porque se debe tener a un abogado representando los intereses de quien va a vender o a comprar una finca. A todo aquel que desea disponer de su patrimonio en forma juiciosa le ser\u00e1 de utilidad este documento y la experiencia de nuestra firma en estos asuntos.<\/p>\n<p class=\"contenido_text\"><a href=\"https:\/\/shirleylaw.com\/wp-content\/uploads\/2016\/11\/Consejos-del-desconfiado.pdf\">Ver Art\u00edculo<\/a><\/p>\n<\/div>\n<p>&nbsp;<\/p>\n<p class=\"contenido_text\">\n<p><\/p>","protected":false},"excerpt":{"rendered":"<p>Adquirir un bien inmueble ha de ser un tr\u00e1mite sencillo y sin mayores complicaciones. Shirley y Asociados es una firma de abogados que le puede ayudar en todo el proceso relacionado con la adquisici\u00f3n o disposici\u00f3n de bienes inmuebles. Es necesario en estas transacciones conocer la propiedad, el o los vendedores, comprador o compradores y [&hellip;]<\/p>\n","protected":false},"author":1,"featured_media":43,"parent":174,"menu_order":0,"comment_status":"closed","ping_status":"closed","template":"page-inner-speciall.php","meta":{"footnotes":""},"class_list":["post-187","page","type-page","status-publish","has-post-thumbnail","hentry"],"_links":{"self":[{"href":"https:\/\/www.shirleylaw.com\/es\/wp-json\/wp\/v2\/pages\/187","targetHints":{"allow":["GET"]}}],"collection":[{"href":"https:\/\/www.shirleylaw.com\/es\/wp-json\/wp\/v2\/pages"}],"about":[{"href":"https:\/\/www.shirleylaw.com\/es\/wp-json\/wp\/v2\/types\/page"}],"author":[{"embeddable":true,"href":"https:\/\/www.shirleylaw.com\/es\/wp-json\/wp\/v2\/users\/1"}],"replies":[{"embeddable":true,"href":"https:\/\/www.shirleylaw.com\/es\/wp-json\/wp\/v2\/comments?post=187"}],"version-history":[{"count":5,"href":"https:\/\/www.shirleylaw.com\/es\/wp-json\/wp\/v2\/pages\/187\/revisions"}],"predecessor-version":[{"id":1134,"href":"https:\/\/www.shirleylaw.com\/es\/wp-json\/wp\/v2\/pages\/187\/revisions\/1134"}],"up":[{"embeddable":true,"href":"https:\/\/www.shirleylaw.com\/es\/wp-json\/wp\/v2\/pages\/174"}],"wp:featuredmedia":[{"embeddable":true,"href":"https:\/\/www.shirleylaw.com\/es\/wp-json\/wp\/v2\/media\/43"}],"wp:attachment":[{"href":"https:\/\/www.shirleylaw.com\/es\/wp-json\/wp\/v2\/media?parent=187"}],"curies":[{"name":"wp","href":"https:\/\/api.w.org\/{rel}","templated":true}]}}