{"id":211,"date":"2016-10-03T04:22:27","date_gmt":"2016-10-03T04:22:27","guid":{"rendered":"http:\/\/shirleylaw.com\/?page_id=211"},"modified":"2016-11-21T10:19:21","modified_gmt":"2016-11-21T10:19:21","slug":"mercantile-contracts","status":"publish","type":"page","link":"https:\/\/www.shirleylaw.com\/es\/corporate-tax-law\/mercantile-contracts\/","title":{"rendered":"Contratos Mercantiles"},"content":{"rendered":"<p><\/p>\n<p class=\"contenido_text\">Representamos a clientes en asuntos comerciales y corporativos. Nuestros abogados adaptan sus consejos a las necesidades y expectativas del cliente, sea \u00e9ste en el \u00e1mbito individual o corporativo. Estas recomendaciones toman en cuenta la naturaleza local o internacional de la transacci\u00f3n. Si se refiere a un asunto contractual rutinario, o asuntos m\u00e1s complicados de finanzas corporativas, ventas de patrimonio corporativo, o fusi\u00f3n con o adquisici\u00f3n de otra empresa, nuestro equipo de profesionales se asegura que los clientes reciban atenci\u00f3n puntual y eficaz.<\/p>\n<div>\n<p class=\"contenido_text\"><strong class=\"contenido\"><a href=\"https:\/\/shirleylaw.com\/wp-content\/uploads\/2016\/10\/Ley431.pdf\">Ley 43 (Comercio electr\u00f3nico)<\/a><\/strong> de 31 de julio de 2001<br \/>\nQue define y regula los documentos y firmas electr\u00f3nicas y las entidades de certificaci\u00f3n en el comercio electr\u00f3nico y el intercambio de documentos electr\u00f3nicos.<\/p>\n<p class=\"contenido_text\"><strong>Para mayor informaci\u00f3n accesar a:<br \/>\n<\/strong><a href=\"https:\/\/www.mici.gob.pa\/\"><span class=\"contenido\">www.mici.gob.pa<\/span><\/a><\/p>\n<\/div>\n<div><\/div>\n<div><\/div>\n<p><\/p>","protected":false},"excerpt":{"rendered":"<p>Representamos a clientes en asuntos comerciales y corporativos. Nuestros abogados adaptan sus consejos a las necesidades y expectativas del cliente, sea \u00e9ste en el \u00e1mbito individual o corporativo. Estas recomendaciones toman en cuenta la naturaleza local o internacional de la transacci\u00f3n. Si se refiere a un asunto contractual rutinario, o asuntos m\u00e1s complicados de finanzas [&hellip;]<\/p>\n","protected":false},"author":1,"featured_media":43,"parent":32,"menu_order":0,"comment_status":"closed","ping_status":"closed","template":"page-inner-corporate.php","meta":{"footnotes":""},"class_list":["post-211","page","type-page","status-publish","has-post-thumbnail","hentry"],"_links":{"self":[{"href":"https:\/\/www.shirleylaw.com\/es\/wp-json\/wp\/v2\/pages\/211","targetHints":{"allow":["GET"]}}],"collection":[{"href":"https:\/\/www.shirleylaw.com\/es\/wp-json\/wp\/v2\/pages"}],"about":[{"href":"https:\/\/www.shirleylaw.com\/es\/wp-json\/wp\/v2\/types\/page"}],"author":[{"embeddable":true,"href":"https:\/\/www.shirleylaw.com\/es\/wp-json\/wp\/v2\/users\/1"}],"replies":[{"embeddable":true,"href":"https:\/\/www.shirleylaw.com\/es\/wp-json\/wp\/v2\/comments?post=211"}],"version-history":[{"count":4,"href":"https:\/\/www.shirleylaw.com\/es\/wp-json\/wp\/v2\/pages\/211\/revisions"}],"predecessor-version":[{"id":1054,"href":"https:\/\/www.shirleylaw.com\/es\/wp-json\/wp\/v2\/pages\/211\/revisions\/1054"}],"up":[{"embeddable":true,"href":"https:\/\/www.shirleylaw.com\/es\/wp-json\/wp\/v2\/pages\/32"}],"wp:featuredmedia":[{"embeddable":true,"href":"https:\/\/www.shirleylaw.com\/es\/wp-json\/wp\/v2\/media\/43"}],"wp:attachment":[{"href":"https:\/\/www.shirleylaw.com\/es\/wp-json\/wp\/v2\/media?parent=211"}],"curies":[{"name":"wp","href":"https:\/\/api.w.org\/{rel}","templated":true}]}}