{"id":218,"date":"2016-10-03T04:28:11","date_gmt":"2016-10-03T04:28:11","guid":{"rendered":"http:\/\/shirleylaw.com\/?page_id=218"},"modified":"2016-11-21T10:18:42","modified_gmt":"2016-11-21T10:18:42","slug":"estate-planning","status":"publish","type":"page","link":"https:\/\/www.shirleylaw.com\/es\/corporate-tax-law\/estate-planning\/","title":{"rendered":"Planificaci\u00f3n Patrimonial"},"content":{"rendered":"<p><\/p>\n<p class=\"contenido_text\">Los abogados de la Firma, en lo relacionado con la planificaci\u00f3n patrimonial, asisten a los clientes, en cuanto a la distribuci\u00f3n de bienes por testamento y protecci\u00f3n a bienes, por medio de fideicomisos y fundaciones. Preparamos testamentos y proporcionamos asesor\u00eda con relaci\u00f3n a reclamos contra el patrimonio. Adem\u00e1s, atendemos lo relativo a las legalizaciones.<\/p>\n<div class=\"contenido_text\">La Firma, tambi\u00e9n ofrece consultor\u00eda en asuntos matrimoniales, como acuerdos prenupciales, contratos para divisi\u00f3n de los bienes y otros asuntos familiares similares. Brindamos, adem\u00e1s, asesor\u00eda fiscal necesaria sobre la planificaci\u00f3n patrimonial.<\/div>\n<p><\/p>","protected":false},"excerpt":{"rendered":"<p>Los abogados de la Firma, en lo relacionado con la planificaci\u00f3n patrimonial, asisten a los clientes, en cuanto a la distribuci\u00f3n de bienes por testamento y protecci\u00f3n a bienes, por medio de fideicomisos y fundaciones. Preparamos testamentos y proporcionamos asesor\u00eda con relaci\u00f3n a reclamos contra el patrimonio. Adem\u00e1s, atendemos lo relativo a las legalizaciones. La [&hellip;]<\/p>\n","protected":false},"author":1,"featured_media":43,"parent":32,"menu_order":0,"comment_status":"closed","ping_status":"closed","template":"page-inner-corporate.php","meta":{"footnotes":""},"class_list":["post-218","page","type-page","status-publish","has-post-thumbnail","hentry"],"_links":{"self":[{"href":"https:\/\/www.shirleylaw.com\/es\/wp-json\/wp\/v2\/pages\/218","targetHints":{"allow":["GET"]}}],"collection":[{"href":"https:\/\/www.shirleylaw.com\/es\/wp-json\/wp\/v2\/pages"}],"about":[{"href":"https:\/\/www.shirleylaw.com\/es\/wp-json\/wp\/v2\/types\/page"}],"author":[{"embeddable":true,"href":"https:\/\/www.shirleylaw.com\/es\/wp-json\/wp\/v2\/users\/1"}],"replies":[{"embeddable":true,"href":"https:\/\/www.shirleylaw.com\/es\/wp-json\/wp\/v2\/comments?post=218"}],"version-history":[{"count":3,"href":"https:\/\/www.shirleylaw.com\/es\/wp-json\/wp\/v2\/pages\/218\/revisions"}],"predecessor-version":[{"id":1065,"href":"https:\/\/www.shirleylaw.com\/es\/wp-json\/wp\/v2\/pages\/218\/revisions\/1065"}],"up":[{"embeddable":true,"href":"https:\/\/www.shirleylaw.com\/es\/wp-json\/wp\/v2\/pages\/32"}],"wp:featuredmedia":[{"embeddable":true,"href":"https:\/\/www.shirleylaw.com\/es\/wp-json\/wp\/v2\/media\/43"}],"wp:attachment":[{"href":"https:\/\/www.shirleylaw.com\/es\/wp-json\/wp\/v2\/media?parent=218"}],"curies":[{"name":"wp","href":"https:\/\/api.w.org\/{rel}","templated":true}]}}