{"id":220,"date":"2016-10-03T04:29:01","date_gmt":"2016-10-03T04:29:01","guid":{"rendered":"http:\/\/shirleylaw.com\/?page_id=220"},"modified":"2016-11-21T10:18:09","modified_gmt":"2016-11-21T10:18:09","slug":"due-diligences","status":"publish","type":"page","link":"https:\/\/www.shirleylaw.com\/es\/corporate-tax-law\/due-diligences\/","title":{"rendered":"Debida Diligencia"},"content":{"rendered":"<p><\/p>\n<p class=\"contenido_text\">Para Debida Diligencia o \u00abLey de Conoce a tu Cliente\u00bb, <a class=\"contenido\" href=\"https:\/\/shirleylaw.com\/wp-content\/uploads\/2016\/10\/diligenciadebida.pdf\">ingresar aqu\u00ed<\/a><\/p>\n<p>Ver Ley 23 del 27 de abril del 2015, ingresar aqu\u00ed <a href=\"https:\/\/shirleylaw.com\/wp-content\/uploads\/2016\/10\/Ley-23-de-2015.pdf\">(Ley 23 de 2015.pdf)<\/a><\/p>\n<p><u>Otras Regulaciones:<\/u><\/p>\n<p>Ministerio de Econom\u00eda y Finanzas, \u00a0Intendencia de Supervisi\u00f3n y Regulaci\u00f3n de Sujetos No Financieros,<\/p>\n<p>Resoluci\u00f3n No. JD 014-015 del 14 de agosto de 2015, ingresar \u00a0aqu\u00ed.<\/p>\n<p><a href=\"https:\/\/shirleylaw.com\/wp-content\/uploads\/2016\/10\/ResolucionNoJD014015.pdf\"> (ResolucionNoJD014015.pdf)<\/a><\/p>","protected":false},"excerpt":{"rendered":"<p>Para Debida Diligencia o \u00abLey de Conoce a tu Cliente\u00bb, ingresar aqu\u00ed Ver Ley 23 del 27 de abril del 2015, ingresar aqu\u00ed (Ley 23 de 2015.pdf) Otras Regulaciones: Ministerio de Econom\u00eda y Finanzas, \u00a0Intendencia de Supervisi\u00f3n y Regulaci\u00f3n de Sujetos No Financieros, Resoluci\u00f3n No. JD 014-015 del 14 de agosto de 2015, ingresar \u00a0aqu\u00ed. [&hellip;]<\/p>\n","protected":false},"author":1,"featured_media":43,"parent":32,"menu_order":0,"comment_status":"closed","ping_status":"closed","template":"page-inner-corporate.php","meta":{"footnotes":""},"class_list":["post-220","page","type-page","status-publish","has-post-thumbnail","hentry"],"_links":{"self":[{"href":"https:\/\/www.shirleylaw.com\/es\/wp-json\/wp\/v2\/pages\/220","targetHints":{"allow":["GET"]}}],"collection":[{"href":"https:\/\/www.shirleylaw.com\/es\/wp-json\/wp\/v2\/pages"}],"about":[{"href":"https:\/\/www.shirleylaw.com\/es\/wp-json\/wp\/v2\/types\/page"}],"author":[{"embeddable":true,"href":"https:\/\/www.shirleylaw.com\/es\/wp-json\/wp\/v2\/users\/1"}],"replies":[{"embeddable":true,"href":"https:\/\/www.shirleylaw.com\/es\/wp-json\/wp\/v2\/comments?post=220"}],"version-history":[{"count":11,"href":"https:\/\/www.shirleylaw.com\/es\/wp-json\/wp\/v2\/pages\/220\/revisions"}],"predecessor-version":[{"id":1151,"href":"https:\/\/www.shirleylaw.com\/es\/wp-json\/wp\/v2\/pages\/220\/revisions\/1151"}],"up":[{"embeddable":true,"href":"https:\/\/www.shirleylaw.com\/es\/wp-json\/wp\/v2\/pages\/32"}],"wp:featuredmedia":[{"embeddable":true,"href":"https:\/\/www.shirleylaw.com\/es\/wp-json\/wp\/v2\/media\/43"}],"wp:attachment":[{"href":"https:\/\/www.shirleylaw.com\/es\/wp-json\/wp\/v2\/media?parent=220"}],"curies":[{"name":"wp","href":"https:\/\/api.w.org\/{rel}","templated":true}]}}