{"id":224,"date":"2016-10-03T04:30:24","date_gmt":"2016-10-03T04:30:24","guid":{"rendered":"http:\/\/shirleylaw.com\/?page_id=224"},"modified":"2016-11-29T18:43:16","modified_gmt":"2016-11-29T18:43:16","slug":"offshore-services","status":"publish","type":"page","link":"https:\/\/www.shirleylaw.com\/es\/corporate-tax-law\/offshore-services\/","title":{"rendered":"Servicios Offshore"},"content":{"rendered":"<p><\/p>\n<p class=\"contenido_text\" align=\"justify\">Nuestra Firma tiene un amplio conocimiento de los negocios \u00aboffshore\u00bb, incluyendo la constituci\u00f3n y administraci\u00f3n de sociedades, apertura\u00a0 de cuentas bancarias y de valores, el establecimiento y administraci\u00f3n de fideicomisos y fundaciones, representaci\u00f3n comercial y servicios fiduciarios. Los servicios incluyen provisi\u00f3n de directores y dignatarios, servicios administrativos, adem\u00e1s de servicios de fax y correo, entre otros.<\/p>\n<p class=\"contenido_text\" align=\"justify\">Nuestra firma ofrece lo siguiente:<\/p>\n<div align=\"justify\">\n<table border=\"0\" width=\"100%\" cellspacing=\"0\" cellpadding=\"0\">\n<tbody>\n<tr>\n<td class=\"contenido_text\" valign=\"baseline\" width=\"42\"><\/td>\n<td class=\"contenido_text\" valign=\"top\" width=\"100%\">Sociedades An\u00f3nimas<\/td>\n<\/tr>\n<tr>\n<td class=\"contenido_text\" valign=\"baseline\" width=\"42\"><\/td>\n<td class=\"contenido_text\" valign=\"top\" width=\"100%\">Sociedades de las Islas V\u00edrgenes Brit\u00e1nicas<\/td>\n<\/tr>\n<tr>\n<td class=\"contenido_text\" valign=\"baseline\" width=\"42\"><\/td>\n<td class=\"contenido_text\" valign=\"top\" width=\"100%\">Fundaciones<\/td>\n<\/tr>\n<tr>\n<td class=\"contenido_text\" valign=\"baseline\" width=\"42\"><\/td>\n<td class=\"contenido_text\" valign=\"top\" width=\"100%\">Fideicomisos<\/td>\n<\/tr>\n<\/tbody>\n<\/table>\n<\/div>\n<h2 align=\"justify\"><span class=\"contenido_text\"><strong>Constituci\u00f3n de Sociedades<\/strong><\/span><\/h2>\n<p class=\"contenido_text\" align=\"justify\">Ver <a href=\"https:\/\/shirleylaw.com\/wp-content\/uploads\/2016\/11\/formularioconstitucionsociedades-1.doc\"><span class=\"contenido\"><strong>Formulario de Constituci\u00f3n de Sociedades<\/strong><\/span><\/a> e <a href=\"https:\/\/shirleylaw.com\/wp-content\/uploads\/2016\/11\/INSTRUCTIVO-PARA-TRANSFERENCIAS-BANCARIAS.pdf\"><span class=\"contenido\"><strong>Instructivo para transferencias bancarias<\/strong><\/span><\/a><\/p>\n<p class=\"contenido_text\" align=\"justify\">Para constituir una sociedad, requerimos que nos env\u00ede la siguiente informaci\u00f3n:<\/p>\n<p class=\"contenido_text\" align=\"justify\"><strong>Informaci\u00f3n del Cliente:<\/strong> nombre, direcci\u00f3n y generales para contactarlo (tel\u00e9fono, fax, y correo electr\u00f3nico)<\/p>\n<p class=\"contenido_text\" align=\"justify\"><strong>Informaci\u00f3n de la Sociedad:<\/strong><\/p>\n<div align=\"justify\">\n<table border=\"0\" width=\"100%\" cellspacing=\"2\" cellpadding=\"0\">\n<tbody>\n<tr>\n<td class=\"contenido_text\" valign=\"baseline\" width=\"42\"><\/td>\n<td class=\"contenido_text\" valign=\"top\" width=\"100%\">\n<div align=\"left\">Jurisdicci\u00f3n<\/div>\n<\/td>\n<\/tr>\n<tr>\n<td class=\"contenido_text\" valign=\"baseline\" width=\"42\"><\/td>\n<td class=\"contenido_text\" valign=\"top\" width=\"100%\">\n<div align=\"left\">Nombre: primera, segunda y tercera elecci\u00f3n<\/div>\n<\/td>\n<\/tr>\n<tr>\n<td class=\"contenido_text\" valign=\"baseline\" width=\"42\"><\/td>\n<td class=\"contenido_text\" valign=\"top\" width=\"100%\">\n<div align=\"left\">Capital Social de la Sociedad<\/div>\n<\/td>\n<\/tr>\n<\/tbody>\n<\/table>\n<\/div>\n<p class=\"contenido_text\" align=\"justify\"><strong>Directores y Dignatarios:<\/strong><\/p>\n<div align=\"justify\">\n<table border=\"0\" width=\"100%\" cellspacing=\"2\" cellpadding=\"0\">\n<tbody>\n<tr>\n<td class=\"contenido_text\" valign=\"baseline\" width=\"42\"><\/td>\n<td class=\"contenido_text\" valign=\"baseline\" width=\"42\"><\/td>\n<td class=\"contenido_text\" valign=\"top\" width=\"100%\">Nombre y direcci\u00f3n (con n\u00famero de pasaporte o c\u00e9dula) e indicando quien debe nombrarse como Presidente, Secretario y Tesorero; o<\/td>\n<\/tr>\n<tr>\n<td class=\"contenido_text\" valign=\"baseline\" width=\"42\"><\/td>\n<td class=\"contenido_text\" valign=\"baseline\" width=\"42\"><\/td>\n<td class=\"contenido_text\" valign=\"top\" width=\"100%\">Solicitando el nombramiento por Shirley y Asociados<\/td>\n<\/tr>\n<\/tbody>\n<\/table>\n<\/div>\n<p class=\"contenido_text\" align=\"justify\"><strong>Objeto de la Sociedad:<\/strong><\/p>\n<div align=\"justify\">\n<table border=\"0\" width=\"100%\" cellspacing=\"2\" cellpadding=\"0\">\n<tbody>\n<tr>\n<td class=\"contenido_text\" valign=\"baseline\" width=\"42\"><\/td>\n<td class=\"contenido_text\" valign=\"top\" width=\"100%\">Inversi\u00f3n, transporte mar\u00edtimo, u otro.<\/td>\n<\/tr>\n<\/tbody>\n<\/table>\n<\/div>\n<p class=\"contenido_text\"><strong>Ventajas<\/strong><\/p>\n<p class=\"contenido_text\">1. Permiten ser constituidas y registradas sin necesidad de que el cliente viaje a Panam\u00e1.<br \/>\n2. El Pacto Social o Acta Constitutiva de la Sociedad contiene objetos amplios que le permiten desarrollar cualquier actividad, siempre que la misma sea l\u00edcita.<br \/>\n3. Los directores\/dignatarios (Presidente, Secretario\/a, Tesorero\/a) pueden ser nacionales o extranjeros. Si son extranjeros, no es necesario se trasladen a Panam\u00e1 para incorporar la sociedad. El m\u00ednimo de Directores requerido por Ley es de 3 personas naturales.<br \/>\n4. No es necesario pre-pagar el capital de la Sociedad. Nuestra Ley de Sociedades An\u00f3nimas permite que las mismas sean incorporadas con un capital autorizado ya sea en d\u00f3lares o en acciones sin valor nominal, y en ambos casos no requiere se consigne ning\u00fan monto.<br \/>\n5. Las acciones de la sociedad pueden ser emitidas en forma NOMINATIVA o AL PORTADOR, o una combinaci\u00f3n de ambas.<br \/>\n6. Las Sociedades An\u00f3nimas Paname\u00f1as pueden ser utilizadas ya sea para realizar operaciones fuera del territorio paname\u00f1o (sociedad offshore) o para realizar operaciones dentro del territorio paname\u00f1o.<br \/>\n7. Los ingresos que reciban las sociedades an\u00f3nimas paname\u00f1as por actividades comerciales que se realicen o surtan efectos fuera del territorio paname\u00f1o (sociedad offshore), no est\u00e1n sujetos a impuestos ni a presentar ninguna declaraci\u00f3n anual o reporte.<\/p>\n<p class=\"contenido_text\"><strong>Requisitos<\/strong><br \/>\nAdjunto encontrar\u00e1 nuestro formulario para solicitar la Constituci\u00f3n de una Sociedad An\u00f3nima Paname\u00f1a, el cual contiene la informaci\u00f3n y documentos requeridos para este prop\u00f3sito.<\/p>\n<p class=\"contenido_text\"><strong>Tiempo de Registro<\/strong><br \/>\nEl tiempo estimado de incorporaci\u00f3n y registro es de tres (3) d\u00edas h\u00e1biles contados a partir del recibo de los gastos y honorarios.<\/p>\n<p class=\"contenido_text\"><strong>Recomendaci\u00f3n y comentarios adicionales<\/strong><br \/>\nRecomendamos que una vez se inscriba la sociedad en el Registro P\u00fablico se le otorgue un Poder General a los Accionistas o beneficiarios \u00faltimos de la misma. Dicho poder contendr\u00e1 facultades de administraci\u00f3n y disposici\u00f3n de bienes, se otorga mediante escritura p\u00fablica y se legaliza con Apostille, de manera que pueda ser presentado y ejercido en cualquier parte del mundo. Nuestros gastos y honorarios por el otorgamiento ante Notario de un Poder General legalizado con Apostille.<br \/>\nLos nombres de los Accionistas en una sociedad an\u00f3nima paname\u00f1a no requieren ser reflejados en el Pacto Social o Acta Constitutiva. Esta informaci\u00f3n se mantiene de manera muy confidencial en el expediente que reposa en nuestro Despacho como Agentes Residentes de la sociedad. El documento que acredita el t\u00edtulo o propiedad sobre la sociedad es el Certificado de Acciones, el cual usualmente se expide una vez se registre la Sociedad.<br \/>\nUna vez registrada la sociedad podemos asistirlo para solicitar la apertura de una cuenta bancaria a nombre de la misma.<\/p>\n<p class=\"contenido_text\">Favor de enviarnos un <a href=\"mailto:info@shirleylaw.com\"><span class=\"contenido\"><strong>email<\/strong><\/span><\/a> o cont\u00e1ctarnos por fax para mayor informaci\u00f3n de precios o cualquier tipo de consulta. En la alternativa, usted puede solicitar un listado de las sociedades ya constituidas en las Islas Virgenes o Panam\u00e1.<\/p>\n<p><\/p>","protected":false},"excerpt":{"rendered":"<p>Nuestra Firma tiene un amplio conocimiento de los negocios \u00aboffshore\u00bb, incluyendo la constituci\u00f3n y administraci\u00f3n de sociedades, apertura\u00a0 de cuentas bancarias y de valores, el establecimiento y administraci\u00f3n de fideicomisos y fundaciones, representaci\u00f3n comercial y servicios fiduciarios. Los servicios incluyen provisi\u00f3n de directores y dignatarios, servicios administrativos, adem\u00e1s de servicios de fax y correo, entre [&hellip;]<\/p>\n","protected":false},"author":1,"featured_media":43,"parent":32,"menu_order":0,"comment_status":"closed","ping_status":"closed","template":"page-inner-corporate.php","meta":{"footnotes":""},"class_list":["post-224","page","type-page","status-publish","has-post-thumbnail","hentry"],"_links":{"self":[{"href":"https:\/\/www.shirleylaw.com\/es\/wp-json\/wp\/v2\/pages\/224","targetHints":{"allow":["GET"]}}],"collection":[{"href":"https:\/\/www.shirleylaw.com\/es\/wp-json\/wp\/v2\/pages"}],"about":[{"href":"https:\/\/www.shirleylaw.com\/es\/wp-json\/wp\/v2\/types\/page"}],"author":[{"embeddable":true,"href":"https:\/\/www.shirleylaw.com\/es\/wp-json\/wp\/v2\/users\/1"}],"replies":[{"embeddable":true,"href":"https:\/\/www.shirleylaw.com\/es\/wp-json\/wp\/v2\/comments?post=224"}],"version-history":[{"count":12,"href":"https:\/\/www.shirleylaw.com\/es\/wp-json\/wp\/v2\/pages\/224\/revisions"}],"predecessor-version":[{"id":1143,"href":"https:\/\/www.shirleylaw.com\/es\/wp-json\/wp\/v2\/pages\/224\/revisions\/1143"}],"up":[{"embeddable":true,"href":"https:\/\/www.shirleylaw.com\/es\/wp-json\/wp\/v2\/pages\/32"}],"wp:featuredmedia":[{"embeddable":true,"href":"https:\/\/www.shirleylaw.com\/es\/wp-json\/wp\/v2\/media\/43"}],"wp:attachment":[{"href":"https:\/\/www.shirleylaw.com\/es\/wp-json\/wp\/v2\/media?parent=224"}],"curies":[{"name":"wp","href":"https:\/\/api.w.org\/{rel}","templated":true}]}}