{"id":335,"date":"2016-10-03T05:52:29","date_gmt":"2016-10-03T05:52:29","guid":{"rendered":"http:\/\/shirleylaw.com\/?page_id=335"},"modified":"2016-11-21T10:24:27","modified_gmt":"2016-11-21T10:24:27","slug":"priscilla-shirley","status":"publish","type":"page","link":"https:\/\/www.shirleylaw.com\/es\/our-lawyers\/priscilla-shirley\/","title":{"rendered":"priscilla shirley"},"content":{"rendered":"<p><strong>ESTUDIOS REALIZADOS:<\/strong><\/p>\n<p>Curs\u00f3 estudios Primarios y Secundarios en la Ciudad de Panam\u00e1, en el Colegio Internacional de Mar\u00eda Inmaculada, gradu\u00e1ndose en el 2007.<br \/>\nCurs\u00f3 la carrera de Derecho y Ciencias Pol\u00edticas en la Universidad de Panam\u00e1, gradu\u00e1ndose en el Cap\u00edtulo de Honor Sigma Lambda, como primer puesto, en el a\u00f1o 2013.<br \/>\nCulmin\u00f3 estudios de Maestr\u00eda en Derecho Comercial en la Universidad de Bristol, Reino Unido, en el a\u00f1o 2014.<\/p>\n<p><strong>EXPERIENCIA PROFESIONAL:<\/strong><\/p>\n<p>Se incorpora a la firma Shirley &amp; Asociados en Noviembre de 2014. Entre sus especialidades est\u00e1n Acuerdos comerciales y Contratos, Derecho Mar\u00edtimo, Sociedades y Arbitraje Internacional.<\/p>\n<p><strong>Email: <\/strong><a href=\"mailto:pshirley@shirleylaw.com\">pshirley@shirleylaw.com<\/a><\/p>","protected":false},"excerpt":{"rendered":"<p>ESTUDIOS REALIZADOS: Curs\u00f3 estudios Primarios y Secundarios en la Ciudad de Panam\u00e1, en el Colegio Internacional de Mar\u00eda Inmaculada, gradu\u00e1ndose en el 2007. Curs\u00f3 la carrera de Derecho y Ciencias Pol\u00edticas en la Universidad de Panam\u00e1, gradu\u00e1ndose en el Cap\u00edtulo de Honor Sigma Lambda, como primer puesto, en el a\u00f1o 2013. Culmin\u00f3 estudios de Maestr\u00eda [&hellip;]<\/p>\n","protected":false},"author":1,"featured_media":64,"parent":281,"menu_order":0,"comment_status":"closed","ping_status":"closed","template":"page-inner-lawer.php","meta":{"footnotes":""},"class_list":["post-335","page","type-page","status-publish","has-post-thumbnail","hentry"],"_links":{"self":[{"href":"https:\/\/www.shirleylaw.com\/es\/wp-json\/wp\/v2\/pages\/335","targetHints":{"allow":["GET"]}}],"collection":[{"href":"https:\/\/www.shirleylaw.com\/es\/wp-json\/wp\/v2\/pages"}],"about":[{"href":"https:\/\/www.shirleylaw.com\/es\/wp-json\/wp\/v2\/types\/page"}],"author":[{"embeddable":true,"href":"https:\/\/www.shirleylaw.com\/es\/wp-json\/wp\/v2\/users\/1"}],"replies":[{"embeddable":true,"href":"https:\/\/www.shirleylaw.com\/es\/wp-json\/wp\/v2\/comments?post=335"}],"version-history":[{"count":17,"href":"https:\/\/www.shirleylaw.com\/es\/wp-json\/wp\/v2\/pages\/335\/revisions"}],"predecessor-version":[{"id":1074,"href":"https:\/\/www.shirleylaw.com\/es\/wp-json\/wp\/v2\/pages\/335\/revisions\/1074"}],"up":[{"embeddable":true,"href":"https:\/\/www.shirleylaw.com\/es\/wp-json\/wp\/v2\/pages\/281"}],"wp:featuredmedia":[{"embeddable":true,"href":"https:\/\/www.shirleylaw.com\/es\/wp-json\/wp\/v2\/media\/64"}],"wp:attachment":[{"href":"https:\/\/www.shirleylaw.com\/es\/wp-json\/wp\/v2\/media?parent=335"}],"curies":[{"name":"wp","href":"https:\/\/api.w.org\/{rel}","templated":true}]}}