{"id":39,"date":"2016-09-29T12:03:15","date_gmt":"2016-09-29T12:03:15","guid":{"rendered":"http:\/\/shirleylaw.com\/?page_id=39"},"modified":"2016-11-21T10:23:28","modified_gmt":"2016-11-21T10:23:28","slug":"ships-registry","status":"publish","type":"page","link":"https:\/\/www.shirleylaw.com\/es\/maritime-law\/ships-registry\/","title":{"rendered":"Abanderamiento de Naves"},"content":{"rendered":"<p>El abanderamiento, la inscripci\u00f3n o el registro de una nave es un acto jur\u00eddico mediante el cual la Rep\u00fablica de Panam\u00e1 admite dicha nave como parte de la Marina Mercante Nacional, a solicitud de su propietario, previo cumplimiento de los requisitos establecidos por la presente Ley. Cabe destacar que todo buque inscrito en la Marina Mercante Paname\u00f1a esta sometido al cumplimiento de la ley paname\u00f1a, dondequiera que se encuentre.<\/p>\n<p class=\"contenido_text\">A continuaci\u00f3n encontrar\u00e1 los detalles de los documentos necesarios para el registro de los buques de bandera paname\u00f1a:<\/p>\n<p class=\"contenido_text\"><strong>Detalles especiales del buque: <\/strong><\/p>\n<p class=\"contenido_text\">a) Datos del Agente Residente<br \/>\nb) Datos del Propietario;<br \/>\nc) Datos de los operadores del buque;<br \/>\nd) Nombre del Buque y Nombre anterior;<br \/>\ne) Registro anterior(si aplica);<br \/>\nf) Tipo de buque y Subclasificaci\u00f3n<br \/>\ng) IMO<br \/>\nh) N\u00b0 de Casco<br \/>\ni) Nombre del Constructor<br \/>\nj) Lugar de la Construcci\u00f3n<br \/>\nk) A\u00f1o de construcci\u00f3n<br \/>\nl) El material del casco;<br \/>\nm) A\u00f1o de Puesta en Quilla;<br \/>\nn) Longitud, Amplitud, Profundidad<br \/>\n\u00f1) Arqueo: Tonelaje Bruto y Tonelaje Neto<br \/>\no) N\u00famero de motores<br \/>\np) N\u00famero de cilindros<br \/>\nq) Caballos de fuerza (HP o KW)<br \/>\nr) Nombre del fabricante de motores<br \/>\ns) Velocidad<br \/>\nt) Clasificadora;<br \/>\nu) Autoridad Contable de Radio<\/p>\n<p class=\"contenido_text\"><strong>Poder debidamente notariado y autenticado; <\/strong><\/p>\n<p class=\"contenido_text\"><strong>Los buques de arqueo bruto superior a 500 requieren los siguientes certificados del registro anterior: <\/strong><br \/>\na) DOC-Documento de Cumplimiento;<br \/>\nb) SMC &#8211; Certificado de Gesti\u00f3n de Seguridad;<br \/>\nc) CICS \u2013 Certificado Internacional para Seguridad de Buques;<br \/>\nd) la RSE &#8211; Registro Sin\u00f3ptico Continuo;<br \/>\ne) El CCI &#8211; Certificado Internacional de Arqueo;<\/p>\n<p class=\"contenido_text\"><strong>Los buques petroleros requieren lo siguiente: <\/strong><\/p>\n<p class=\"contenido_text\">a) IOPP (International Oil Pollution Prevention Certificado) + Suplemento del Certificado<br \/>\nInternacional de Prevenci\u00f3n de la contaminaci\u00f3n por hidrocarburos<br \/>\nb) Declaraci\u00f3n de comercio de transporte de hidrocarburos pesados, definido por el Marpol<br \/>\n(Declaraci\u00f3n de los propietarios de los productos que el buque va a llevar)<br \/>\nc) Aprobaci\u00f3n del Plan de protecci\u00f3n del buque (PPB)<\/p>\n<p class=\"contenido_text\">Despu\u00e9s del registro del buque, la Marina Mercante de Panam\u00e1, emitir\u00e1 patentes provisionales de navegaci\u00f3n y radio de licencia v\u00e1lida por seis (6) meses per\u00edodo de tiempoque tenemos para recolectar todos los documentos complementarios (que se describe a continuaci\u00f3n en detalle) requeridos por la Autoridad Mar\u00edtima de Panam\u00e1 a fin de obtener la Patente de Navegaci\u00f3n y Licencia de Radio Reglamentaria valida por 5 a\u00f1os.<\/p>\n<p class=\"contenido_text\">-Compra y Venta y la Aceptaci\u00f3n de Venta (debidamente notariado y autenticado); (si el buque va a ser registrado con los propietarios del registro previo, este documento no es necesario.)<\/p>\n<p class=\"contenido_text\">-Formulario de Solicitud de Licencia de Radio (adjunta);<\/p>\n<p class=\"contenido_text\">-Certificado de Cancelaci\u00f3n del Registro Anterior (si aplica) o Certificado del Constructor (de ser una nave nueva Construcci\u00f3n); \u00a0(en ambos casos el documento debe estar debidamente notariado y autenticado);<\/p>\n<p class=\"contenido_text\">-Certificado Internacional de Arqueo seg\u00fan el Convenio de 1969, debidamente sellado por<br \/>\nSEGUMAR Panam\u00e1;<\/p>\n<p class=\"contenido_text\">Para los buques de m\u00e1s de 20 a\u00f1os, la Autoridad Mar\u00edtima de Panam\u00e1 exige el mismo sea inspeccionado a fin de verificar que el mismo se encuentra en buenas condiciones de navegabilidad;<\/p>\n<p class=\"contenido_text\" align=\"left\">Si los documentos anteriormente mencionados no se han completado, se puede aplicar para las extensiones de los documentos provisionales a fin de tener m\u00e1s tiempo para reunir los documentos necesarios para los documentos reglamentarios de la patente de navegaci\u00f3n y licencia de radio. Favor tomar nave que cada prorroga de 3 meses de la Licencia de Radio tiene un valor de US $150.00 y la prorroga por mes de la Patente de Navegaci\u00f3n tiene un costo de US$50.00 por mes.<\/p>\n<p class=\"contenido_text\">\n<p class=\"contenido_text\"><strong>Registro Especial Provisional de Naves <\/strong><\/p>\n<p class=\"contenido_text\">Los certificados de registro Provisionales se conceder\u00e1n por un plazo de 3 meses, y son principalmente para los siguientes fines:<br \/>\nNavegaci\u00f3n temporal (tales como recorrido de prueba antes de la compra)<br \/>\nLa entrega del buque<br \/>\n\u00daltimo viaje para la demolici\u00f3n de los buques<\/p>\n<p class=\"contenido_text\">La inscripci\u00f3n provisional no podr\u00e1 prolongarse, pero puede ser convertido en Registro Definitivo de inscripci\u00f3n, siempre y cuando el cliente pague la diferencia en las tasas de matriculaci\u00f3n y los impuestos.<br \/>\nTras la expiraci\u00f3n del per\u00edodo de 3 meses, el registro provisional, se cancela autom\u00e1ticamente.<\/p>\n<p class=\"contenido_text\">Documentos que deben presentarse:<br \/>\nDOC y SMC (si procede)<br \/>\nLa confirmaci\u00f3n de SecNaves del Operador Internacional de Radio<br \/>\nCopia del Poder (a Shirley &amp; Associates) y del Acuerdo de Compra y Venta<\/p>\n<p class=\"contenido_text\">Se requiere el pago de impuestos aplicables para el registro de la licencia provisional<\/p>\n<p class=\"contenido_text\">\n<p class=\"contenido_text\"><strong>Registro de Yates de Placer o Veleros con Bandera Paname\u00f1a<\/strong><\/p>\n<p class=\"contenido_text\">Es posible registrar los yates de recreo en Panam\u00e1. Esto tiene una estructura de precios diferentes de Registro de Buques.<br \/>\nEl certificado de registro se expedir\u00e1 por un per\u00edodo de dos a\u00f1os, renovable a partir de entonces.<br \/>\nExisten aranceles de registro tanto para propiedades de extranjeros (US $1,500.00) como para paname\u00f1os (US $1,000.00).<\/p>\n<p class=\"contenido_text\" align=\"left\">Documentos requeridos para el registro:<br \/>\n&#8211; Compra y Venta y Aceptaci\u00f3n de la venta (debidamente notariado y autenticado);<br \/>\n&#8211; Poder (a Shirley &amp; Associates) (debidamente notariado y autenticado);<br \/>\n&#8211; Certificado de Registro Anterior (o certificado del constructor) (debidamente notariado y autenticado);<br \/>\n&#8211; \u00abCarta de Declaraci\u00f3n de USO NO COMERCIAL\u00bb (debidamente notariado y autenticado);<\/p>\n<p class=\"contenido_text\"><strong>Por favor notar:<\/strong> tambi\u00e9n debe cumplir con los requisitos de operador de radio, con el fin de registrar el barco en Panam\u00e1. V\u00e9ase Inter-Mar Radio, Inc., por una autoridad de radio calificados.<\/p>\n<p><\/p>","protected":false},"excerpt":{"rendered":"<p>El abanderamiento, la inscripci\u00f3n o el registro de una nave es un acto jur\u00eddico mediante el cual la Rep\u00fablica de Panam\u00e1 admite dicha nave como parte de la Marina Mercante Nacional, a solicitud de su propietario, previo cumplimiento de los requisitos establecidos por la presente Ley. Cabe destacar que todo buque inscrito en la Marina [&hellip;]<\/p>\n","protected":false},"author":1,"featured_media":43,"parent":6,"menu_order":0,"comment_status":"closed","ping_status":"closed","template":"page-inner-maritime.php","meta":{"footnotes":""},"class_list":["post-39","page","type-page","status-publish","has-post-thumbnail","hentry"],"_links":{"self":[{"href":"https:\/\/www.shirleylaw.com\/es\/wp-json\/wp\/v2\/pages\/39","targetHints":{"allow":["GET"]}}],"collection":[{"href":"https:\/\/www.shirleylaw.com\/es\/wp-json\/wp\/v2\/pages"}],"about":[{"href":"https:\/\/www.shirleylaw.com\/es\/wp-json\/wp\/v2\/types\/page"}],"author":[{"embeddable":true,"href":"https:\/\/www.shirleylaw.com\/es\/wp-json\/wp\/v2\/users\/1"}],"replies":[{"embeddable":true,"href":"https:\/\/www.shirleylaw.com\/es\/wp-json\/wp\/v2\/comments?post=39"}],"version-history":[{"count":7,"href":"https:\/\/www.shirleylaw.com\/es\/wp-json\/wp\/v2\/pages\/39\/revisions"}],"predecessor-version":[{"id":959,"href":"https:\/\/www.shirleylaw.com\/es\/wp-json\/wp\/v2\/pages\/39\/revisions\/959"}],"up":[{"embeddable":true,"href":"https:\/\/www.shirleylaw.com\/es\/wp-json\/wp\/v2\/pages\/6"}],"wp:featuredmedia":[{"embeddable":true,"href":"https:\/\/www.shirleylaw.com\/es\/wp-json\/wp\/v2\/media\/43"}],"wp:attachment":[{"href":"https:\/\/www.shirleylaw.com\/es\/wp-json\/wp\/v2\/media?parent=39"}],"curies":[{"name":"wp","href":"https:\/\/api.w.org\/{rel}","templated":true}]}}