{"id":393,"date":"2016-10-03T08:03:57","date_gmt":"2016-10-03T08:03:57","guid":{"rendered":"http:\/\/shirleylaw.com\/?page_id=393"},"modified":"2016-11-21T08:51:50","modified_gmt":"2016-11-21T08:51:50","slug":"immigration","status":"publish","type":"page","link":"https:\/\/www.shirleylaw.com\/es\/administrative-law\/immigration\/","title":{"rendered":"Migraci\u00f3n"},"content":{"rendered":"<p><\/p>\n<p class=\"contenido_c\" align=\"justify\">\n<p class=\"contenido_text\">Nuestros abogados proporcionan asistencia legal en asuntos migratorios, incluyendo la elaboraci\u00f3n de solicitudes de extranjeros deseosos de ser residentes en Panam\u00e1, como inversionistas o pensionados. Existe la oportunidad de invertir en Panam\u00e1 mediante proyectos de reforestaci\u00f3n.<\/p>\n<p>Tambi\u00e9n tramitamos permisos de trabajo para ejecutivos o trabajadores de empresas internacionales.<\/p>\n<p class=\"contenido_text\">Podemos interponer solicitudes de naturalizaci\u00f3n a fin de que extranjeros que cumplan con los requisitos exigidos por las leyes paname\u00f1as, puedan acogerse a la ciudadan\u00eda paname\u00f1a.<\/p>\n<p class=\"contenido_text\">\nPara mayor informaci\u00f3n, pueden ver nuestras p\u00e1ginas sobre <!--<a href=\"https:\/\/shirleylaw.com\/wp-content\/uploads\/2016\/10\/inmigrationandvisas.pdf\"><span class=\"contenido\">-->Inmigraci\u00f3n y Visas<!--<\/span><\/a>--><\/p>\n<p class=\"contenido_text\">\n<p><\/p>","protected":false},"excerpt":{"rendered":"<p>Nuestros abogados proporcionan asistencia legal en asuntos migratorios, incluyendo la elaboraci\u00f3n de solicitudes de extranjeros deseosos de ser residentes en Panam\u00e1, como inversionistas o pensionados. Existe la oportunidad de invertir en Panam\u00e1 mediante proyectos de reforestaci\u00f3n. Tambi\u00e9n tramitamos permisos de trabajo para ejecutivos o trabajadores de empresas internacionales. Podemos interponer solicitudes de naturalizaci\u00f3n a fin [&hellip;]<\/p>\n","protected":false},"author":1,"featured_media":43,"parent":169,"menu_order":0,"comment_status":"closed","ping_status":"closed","template":"page-inner-administrative.php","meta":{"footnotes":""},"class_list":["post-393","page","type-page","status-publish","has-post-thumbnail","hentry"],"_links":{"self":[{"href":"https:\/\/www.shirleylaw.com\/es\/wp-json\/wp\/v2\/pages\/393","targetHints":{"allow":["GET"]}}],"collection":[{"href":"https:\/\/www.shirleylaw.com\/es\/wp-json\/wp\/v2\/pages"}],"about":[{"href":"https:\/\/www.shirleylaw.com\/es\/wp-json\/wp\/v2\/types\/page"}],"author":[{"embeddable":true,"href":"https:\/\/www.shirleylaw.com\/es\/wp-json\/wp\/v2\/users\/1"}],"replies":[{"embeddable":true,"href":"https:\/\/www.shirleylaw.com\/es\/wp-json\/wp\/v2\/comments?post=393"}],"version-history":[{"count":8,"href":"https:\/\/www.shirleylaw.com\/es\/wp-json\/wp\/v2\/pages\/393\/revisions"}],"predecessor-version":[{"id":1050,"href":"https:\/\/www.shirleylaw.com\/es\/wp-json\/wp\/v2\/pages\/393\/revisions\/1050"}],"up":[{"embeddable":true,"href":"https:\/\/www.shirleylaw.com\/es\/wp-json\/wp\/v2\/pages\/169"}],"wp:featuredmedia":[{"embeddable":true,"href":"https:\/\/www.shirleylaw.com\/es\/wp-json\/wp\/v2\/media\/43"}],"wp:attachment":[{"href":"https:\/\/www.shirleylaw.com\/es\/wp-json\/wp\/v2\/media?parent=393"}],"curies":[{"name":"wp","href":"https:\/\/api.w.org\/{rel}","templated":true}]}}