{"id":400,"date":"2016-10-03T07:19:25","date_gmt":"2016-10-03T07:19:25","guid":{"rendered":"http:\/\/shirleylaw.com\/?page_id=400"},"modified":"2016-11-21T10:19:35","modified_gmt":"2016-11-21T10:19:35","slug":"merge-and-acquisitions","status":"publish","type":"page","link":"https:\/\/www.shirleylaw.com\/es\/corporate-tax-law\/merge-and-acquisitions\/","title":{"rendered":"Fusiones y Adquisiciones"},"content":{"rendered":"<p><\/p>\n<p class=\"contenido_text\">Las <strong>Fusiones y Adquisiciones<\/strong> se refieren a un aspecto de la estrategia corporativa de una empresa, es una combinaci\u00f3n y adquisici\u00f3n de otras compa\u00f1\u00edas y de otros activos.<\/p>\n<p class=\"contenido_text\">Nuestros abogados asesoran al cliente en todo lo relacionado a las fusiones y adquisiciones teniendo en cuenta que sus objetivos primarios pueden ser distintos pero tienen en com\u00fan la necesidad de agregarle valor a la empresa adquirida o fusionada.<\/p>\n<p><\/p>","protected":false},"excerpt":{"rendered":"<p>Las Fusiones y Adquisiciones se refieren a un aspecto de la estrategia corporativa de una empresa, es una combinaci\u00f3n y adquisici\u00f3n de otras compa\u00f1\u00edas y de otros activos. Nuestros abogados asesoran al cliente en todo lo relacionado a las fusiones y adquisiciones teniendo en cuenta que sus objetivos primarios pueden ser distintos pero tienen en [&hellip;]<\/p>\n","protected":false},"author":1,"featured_media":43,"parent":32,"menu_order":0,"comment_status":"closed","ping_status":"closed","template":"page-inner-corporate.php","meta":{"footnotes":""},"class_list":["post-400","page","type-page","status-publish","has-post-thumbnail","hentry"],"_links":{"self":[{"href":"https:\/\/www.shirleylaw.com\/es\/wp-json\/wp\/v2\/pages\/400","targetHints":{"allow":["GET"]}}],"collection":[{"href":"https:\/\/www.shirleylaw.com\/es\/wp-json\/wp\/v2\/pages"}],"about":[{"href":"https:\/\/www.shirleylaw.com\/es\/wp-json\/wp\/v2\/types\/page"}],"author":[{"embeddable":true,"href":"https:\/\/www.shirleylaw.com\/es\/wp-json\/wp\/v2\/users\/1"}],"replies":[{"embeddable":true,"href":"https:\/\/www.shirleylaw.com\/es\/wp-json\/wp\/v2\/comments?post=400"}],"version-history":[{"count":5,"href":"https:\/\/www.shirleylaw.com\/es\/wp-json\/wp\/v2\/pages\/400\/revisions"}],"predecessor-version":[{"id":813,"href":"https:\/\/www.shirleylaw.com\/es\/wp-json\/wp\/v2\/pages\/400\/revisions\/813"}],"up":[{"embeddable":true,"href":"https:\/\/www.shirleylaw.com\/es\/wp-json\/wp\/v2\/pages\/32"}],"wp:featuredmedia":[{"embeddable":true,"href":"https:\/\/www.shirleylaw.com\/es\/wp-json\/wp\/v2\/media\/43"}],"wp:attachment":[{"href":"https:\/\/www.shirleylaw.com\/es\/wp-json\/wp\/v2\/media?parent=400"}],"curies":[{"name":"wp","href":"https:\/\/api.w.org\/{rel}","templated":true}]}}