{"id":414,"date":"2016-10-03T07:33:52","date_gmt":"2016-10-03T07:33:52","guid":{"rendered":"http:\/\/shirleylaw.com\/?page_id=414"},"modified":"2016-11-21T10:22:31","modified_gmt":"2016-11-21T10:22:31","slug":"contracts","status":"publish","type":"page","link":"https:\/\/www.shirleylaw.com\/es\/labour-law\/contracts\/","title":{"rendered":"Contratos de Trabajo"},"content":{"rendered":"<p>Nuestra firma ofrece el servicio de confecci\u00f3n y revisi\u00f3n de Contratos entre trabajadores y empleadores, con motivo de una relaci\u00f3n laboral que corresponda a las leyes laborales<\/p>","protected":false},"excerpt":{"rendered":"<p>Nuestra firma ofrece el servicio de confecci\u00f3n y revisi\u00f3n de Contratos entre trabajadores y empleadores, con motivo de una relaci\u00f3n laboral que corresponda a las leyes laborales<\/p>\n","protected":false},"author":1,"featured_media":43,"parent":412,"menu_order":0,"comment_status":"closed","ping_status":"closed","template":"page-inner-labour.php","meta":{"footnotes":""},"class_list":["post-414","page","type-page","status-publish","has-post-thumbnail","hentry"],"_links":{"self":[{"href":"https:\/\/www.shirleylaw.com\/es\/wp-json\/wp\/v2\/pages\/414","targetHints":{"allow":["GET"]}}],"collection":[{"href":"https:\/\/www.shirleylaw.com\/es\/wp-json\/wp\/v2\/pages"}],"about":[{"href":"https:\/\/www.shirleylaw.com\/es\/wp-json\/wp\/v2\/types\/page"}],"author":[{"embeddable":true,"href":"https:\/\/www.shirleylaw.com\/es\/wp-json\/wp\/v2\/users\/1"}],"replies":[{"embeddable":true,"href":"https:\/\/www.shirleylaw.com\/es\/wp-json\/wp\/v2\/comments?post=414"}],"version-history":[{"count":2,"href":"https:\/\/www.shirleylaw.com\/es\/wp-json\/wp\/v2\/pages\/414\/revisions"}],"predecessor-version":[{"id":727,"href":"https:\/\/www.shirleylaw.com\/es\/wp-json\/wp\/v2\/pages\/414\/revisions\/727"}],"up":[{"embeddable":true,"href":"https:\/\/www.shirleylaw.com\/es\/wp-json\/wp\/v2\/pages\/412"}],"wp:featuredmedia":[{"embeddable":true,"href":"https:\/\/www.shirleylaw.com\/es\/wp-json\/wp\/v2\/media\/43"}],"wp:attachment":[{"href":"https:\/\/www.shirleylaw.com\/es\/wp-json\/wp\/v2\/media?parent=414"}],"curies":[{"name":"wp","href":"https:\/\/api.w.org\/{rel}","templated":true}]}}