{"id":418,"date":"2016-10-03T07:36:54","date_gmt":"2016-10-03T07:36:54","guid":{"rendered":"http:\/\/shirleylaw.com\/?page_id=418"},"modified":"2016-11-21T10:22:39","modified_gmt":"2016-11-21T10:22:39","slug":"internal-working-rules","status":"publish","type":"page","link":"https:\/\/www.shirleylaw.com\/es\/labour-law\/internal-working-rules\/","title":{"rendered":"Reglamento Interno de Trabajo"},"content":{"rendered":"<p>Nuestro equipo de abogados, se encarga de la confecci\u00f3n y revisi\u00f3n de reglamentos que establecen las condiciones de Trabajo a las que se regir\u00e1n todos los empleados de una empresa con motivo de la ejecuci\u00f3n y prestaci\u00f3n de servicios.<\/p>","protected":false},"excerpt":{"rendered":"<p>Nuestro equipo de abogados, se encarga de la confecci\u00f3n y revisi\u00f3n de reglamentos que establecen las condiciones de Trabajo a las que se regir\u00e1n todos los empleados de una empresa con motivo de la ejecuci\u00f3n y prestaci\u00f3n de servicios.<\/p>\n","protected":false},"author":1,"featured_media":44,"parent":412,"menu_order":0,"comment_status":"closed","ping_status":"closed","template":"page-inner-labour.php","meta":{"footnotes":""},"class_list":["post-418","page","type-page","status-publish","has-post-thumbnail","hentry"],"_links":{"self":[{"href":"https:\/\/www.shirleylaw.com\/es\/wp-json\/wp\/v2\/pages\/418","targetHints":{"allow":["GET"]}}],"collection":[{"href":"https:\/\/www.shirleylaw.com\/es\/wp-json\/wp\/v2\/pages"}],"about":[{"href":"https:\/\/www.shirleylaw.com\/es\/wp-json\/wp\/v2\/types\/page"}],"author":[{"embeddable":true,"href":"https:\/\/www.shirleylaw.com\/es\/wp-json\/wp\/v2\/users\/1"}],"replies":[{"embeddable":true,"href":"https:\/\/www.shirleylaw.com\/es\/wp-json\/wp\/v2\/comments?post=418"}],"version-history":[{"count":2,"href":"https:\/\/www.shirleylaw.com\/es\/wp-json\/wp\/v2\/pages\/418\/revisions"}],"predecessor-version":[{"id":728,"href":"https:\/\/www.shirleylaw.com\/es\/wp-json\/wp\/v2\/pages\/418\/revisions\/728"}],"up":[{"embeddable":true,"href":"https:\/\/www.shirleylaw.com\/es\/wp-json\/wp\/v2\/pages\/412"}],"wp:featuredmedia":[{"embeddable":true,"href":"https:\/\/www.shirleylaw.com\/es\/wp-json\/wp\/v2\/media\/44"}],"wp:attachment":[{"href":"https:\/\/www.shirleylaw.com\/es\/wp-json\/wp\/v2\/media?parent=418"}],"curies":[{"name":"wp","href":"https:\/\/api.w.org\/{rel}","templated":true}]}}