{"id":431,"date":"2016-10-03T07:41:30","date_gmt":"2016-10-03T07:41:30","guid":{"rendered":"http:\/\/shirleylaw.com\/?page_id=431"},"modified":"2016-11-21T10:22:47","modified_gmt":"2016-11-21T10:22:47","slug":"conciliation-boards","status":"publish","type":"page","link":"https:\/\/www.shirleylaw.com\/es\/labour-law\/conciliation-boards\/","title":{"rendered":"Procesos ante Juntas de Conciliaci\u00f3n"},"content":{"rendered":"<p>Representaci\u00f3n legal ante el Ministerio de Trabajo en materia de conciliaci\u00f3n laboral, huelgas y procesos laborales. .<\/p>","protected":false},"excerpt":{"rendered":"<p>Representaci\u00f3n legal ante el Ministerio de Trabajo en materia de conciliaci\u00f3n laboral, huelgas y procesos laborales. .<\/p>\n","protected":false},"author":1,"featured_media":43,"parent":412,"menu_order":0,"comment_status":"closed","ping_status":"closed","template":"page-inner-labour.php","meta":{"footnotes":""},"class_list":["post-431","page","type-page","status-publish","has-post-thumbnail","hentry"],"_links":{"self":[{"href":"https:\/\/www.shirleylaw.com\/es\/wp-json\/wp\/v2\/pages\/431","targetHints":{"allow":["GET"]}}],"collection":[{"href":"https:\/\/www.shirleylaw.com\/es\/wp-json\/wp\/v2\/pages"}],"about":[{"href":"https:\/\/www.shirleylaw.com\/es\/wp-json\/wp\/v2\/types\/page"}],"author":[{"embeddable":true,"href":"https:\/\/www.shirleylaw.com\/es\/wp-json\/wp\/v2\/users\/1"}],"replies":[{"embeddable":true,"href":"https:\/\/www.shirleylaw.com\/es\/wp-json\/wp\/v2\/comments?post=431"}],"version-history":[{"count":3,"href":"https:\/\/www.shirleylaw.com\/es\/wp-json\/wp\/v2\/pages\/431\/revisions"}],"predecessor-version":[{"id":950,"href":"https:\/\/www.shirleylaw.com\/es\/wp-json\/wp\/v2\/pages\/431\/revisions\/950"}],"up":[{"embeddable":true,"href":"https:\/\/www.shirleylaw.com\/es\/wp-json\/wp\/v2\/pages\/412"}],"wp:featuredmedia":[{"embeddable":true,"href":"https:\/\/www.shirleylaw.com\/es\/wp-json\/wp\/v2\/media\/43"}],"wp:attachment":[{"href":"https:\/\/www.shirleylaw.com\/es\/wp-json\/wp\/v2\/media?parent=431"}],"curies":[{"name":"wp","href":"https:\/\/api.w.org\/{rel}","templated":true}]}}