{"id":443,"date":"2016-10-03T08:05:43","date_gmt":"2016-10-03T08:05:43","guid":{"rendered":"http:\/\/shirleylaw.com\/?page_id=443"},"modified":"2016-11-21T08:52:47","modified_gmt":"2016-11-21T08:52:47","slug":"intellectual-property","status":"publish","type":"page","link":"https:\/\/www.shirleylaw.com\/es\/administrative-law\/intellectual-property\/","title":{"rendered":"Propiedad Intelectual"},"content":{"rendered":"<p><\/p>\n<p class=\"contenido_text\">Panam\u00e1 ofrece protecci\u00f3n legislativa para marcas, marcas de servicio, patentes, derecho de autor y otros derechos de propiedad intelectual, adem\u00e1s de haber ratificado varios convenios internacionales en esta materia.<\/p>\n<div>\n<p class=\"contenido_text\">La Firma asiste clientes en la reservaci\u00f3n, el registro y el mantenimiento de derechos de propiedad intelectual, adem\u00e1s de amparar estos derechos en procesos ante los tribunales de comercio.<\/p>\n<p><a href=\"https:\/\/shirleylaw.com\/wp-content\/uploads\/2016\/10\/registromarcas.pdf\" target=\"_blank\">Requisitos para el Registro de Marcas<\/a><\/p>\n<\/div>\n<p><\/p>","protected":false},"excerpt":{"rendered":"<p>Panam\u00e1 ofrece protecci\u00f3n legislativa para marcas, marcas de servicio, patentes, derecho de autor y otros derechos de propiedad intelectual, adem\u00e1s de haber ratificado varios convenios internacionales en esta materia. La Firma asiste clientes en la reservaci\u00f3n, el registro y el mantenimiento de derechos de propiedad intelectual, adem\u00e1s de amparar estos derechos en procesos ante los [&hellip;]<\/p>\n","protected":false},"author":1,"featured_media":43,"parent":169,"menu_order":0,"comment_status":"closed","ping_status":"closed","template":"page-inner-administrative.php","meta":{"footnotes":""},"class_list":["post-443","page","type-page","status-publish","has-post-thumbnail","hentry"],"_links":{"self":[{"href":"https:\/\/www.shirleylaw.com\/es\/wp-json\/wp\/v2\/pages\/443","targetHints":{"allow":["GET"]}}],"collection":[{"href":"https:\/\/www.shirleylaw.com\/es\/wp-json\/wp\/v2\/pages"}],"about":[{"href":"https:\/\/www.shirleylaw.com\/es\/wp-json\/wp\/v2\/types\/page"}],"author":[{"embeddable":true,"href":"https:\/\/www.shirleylaw.com\/es\/wp-json\/wp\/v2\/users\/1"}],"replies":[{"embeddable":true,"href":"https:\/\/www.shirleylaw.com\/es\/wp-json\/wp\/v2\/comments?post=443"}],"version-history":[{"count":10,"href":"https:\/\/www.shirleylaw.com\/es\/wp-json\/wp\/v2\/pages\/443\/revisions"}],"predecessor-version":[{"id":1029,"href":"https:\/\/www.shirleylaw.com\/es\/wp-json\/wp\/v2\/pages\/443\/revisions\/1029"}],"up":[{"embeddable":true,"href":"https:\/\/www.shirleylaw.com\/es\/wp-json\/wp\/v2\/pages\/169"}],"wp:featuredmedia":[{"embeddable":true,"href":"https:\/\/www.shirleylaw.com\/es\/wp-json\/wp\/v2\/media\/43"}],"wp:attachment":[{"href":"https:\/\/www.shirleylaw.com\/es\/wp-json\/wp\/v2\/media?parent=443"}],"curies":[{"name":"wp","href":"https:\/\/api.w.org\/{rel}","templated":true}]}}