{"id":45,"date":"2016-09-30T04:12:09","date_gmt":"2016-09-30T04:12:09","guid":{"rendered":"http:\/\/shirleylaw.com\/?page_id=45"},"modified":"2016-11-21T10:23:23","modified_gmt":"2016-11-21T10:23:23","slug":"ship-mortgage","status":"publish","type":"page","link":"https:\/\/www.shirleylaw.com\/es\/maritime-law\/ship-mortgage\/","title":{"rendered":"Hipoteca de Naves"},"content":{"rendered":"<p>Seg\u00fan la legislaci\u00f3n paname\u00f1a, la informaci\u00f3n que debe incluirse en la escritura de la hipoteca es la siguiente:<\/p>\n<p>a) Nombre y domicilio de los acreedores hipotecarios y los deudores hipotecarios<br \/>\nb) Los pormenores de los buques<br \/>\nc) Los acuerdos y las obligaciones garantizadas con la hipoteca<br \/>\nd) Reembolso de las Listas<br \/>\ne) Intereses<br \/>\nf) Per\u00edodos de Intereses<br \/>\ng) Poder<\/p>\n<p>La hipoteca completa debidamente ejecutada, autenticada y legalizada por la apostilla y \/ o del Consulado de Panam\u00e1, debe ser recibida (el original) en Panam\u00e1 con el fin de ser presentada en un acto hipoteca en el Registro P\u00fablico de Panam\u00e1.<\/p>\n<p>Si la hipoteca es preliminarmente registrada a trav\u00e9s del Consulado de Panam\u00e1, la Oficina de Registro P\u00fablico da un plazo de seis (6) meses para el registro definitivo de la hipoteca en la Oficina de Registro P\u00fablico. Este per\u00edodo de tiempo ser\u00e1 suficiente para recibir el original de la hipoteca, traducido al espa\u00f1ol y presentar la escritura completa de la hipoteca.<\/p>","protected":false},"excerpt":{"rendered":"<p>Seg\u00fan la legislaci\u00f3n paname\u00f1a, la informaci\u00f3n que debe incluirse en la escritura de la hipoteca es la siguiente: a) Nombre y domicilio de los acreedores hipotecarios y los deudores hipotecarios b) Los pormenores de los buques c) Los acuerdos y las obligaciones garantizadas con la hipoteca d) Reembolso de las Listas e) Intereses f) Per\u00edodos [&hellip;]<\/p>\n","protected":false},"author":1,"featured_media":43,"parent":6,"menu_order":0,"comment_status":"closed","ping_status":"closed","template":"page-inner-maritime.php","meta":{"footnotes":""},"class_list":["post-45","page","type-page","status-publish","has-post-thumbnail","hentry"],"_links":{"self":[{"href":"https:\/\/www.shirleylaw.com\/es\/wp-json\/wp\/v2\/pages\/45","targetHints":{"allow":["GET"]}}],"collection":[{"href":"https:\/\/www.shirleylaw.com\/es\/wp-json\/wp\/v2\/pages"}],"about":[{"href":"https:\/\/www.shirleylaw.com\/es\/wp-json\/wp\/v2\/types\/page"}],"author":[{"embeddable":true,"href":"https:\/\/www.shirleylaw.com\/es\/wp-json\/wp\/v2\/users\/1"}],"replies":[{"embeddable":true,"href":"https:\/\/www.shirleylaw.com\/es\/wp-json\/wp\/v2\/comments?post=45"}],"version-history":[{"count":5,"href":"https:\/\/www.shirleylaw.com\/es\/wp-json\/wp\/v2\/pages\/45\/revisions"}],"predecessor-version":[{"id":717,"href":"https:\/\/www.shirleylaw.com\/es\/wp-json\/wp\/v2\/pages\/45\/revisions\/717"}],"up":[{"embeddable":true,"href":"https:\/\/www.shirleylaw.com\/es\/wp-json\/wp\/v2\/pages\/6"}],"wp:featuredmedia":[{"embeddable":true,"href":"https:\/\/www.shirleylaw.com\/es\/wp-json\/wp\/v2\/media\/43"}],"wp:attachment":[{"href":"https:\/\/www.shirleylaw.com\/es\/wp-json\/wp\/v2\/media?parent=45"}],"curies":[{"name":"wp","href":"https:\/\/api.w.org\/{rel}","templated":true}]}}