{"id":47,"date":"2016-09-30T04:13:00","date_gmt":"2016-09-30T04:13:00","guid":{"rendered":"http:\/\/shirleylaw.com\/?page_id=47"},"modified":"2016-11-21T10:23:10","modified_gmt":"2016-11-21T10:23:10","slug":"arrest-of-vessels","status":"publish","type":"page","link":"https:\/\/www.shirleylaw.com\/es\/maritime-law\/arrest-of-vessels\/","title":{"rendered":"Secuestro de Naves"},"content":{"rendered":"<p><\/p>\n<p class=\"contenido_text\">La detenci\u00f3n de los buques es un tema que surge con frecuencia en Panam\u00e1 debido al tr\u00e1fico internacional, que resulta de la ubicaci\u00f3n geogr\u00e1fica del Canal de Panam\u00e1. Uno de los principales convenios internacionales que regula esta materia es la Convenci\u00f3n de 1952, firmado en Bruselas, de los cuales Panam\u00e1 no es parte. Sin embargo, algunos de los asuntos comprendidos en este Convenio son aplicables a Panam\u00e1.<\/p>\n<p class=\"contenido_text\">Ver<strong> <a href=\"https:\/\/shirleylaw.com\/faq\/\"><span class=\"contenido\">Preguntas Frecuentes<\/span><\/a>.<\/strong><\/p>\n<p>&nbsp;<\/p>\n<p>&nbsp;<\/p>","protected":false},"excerpt":{"rendered":"<p>La detenci\u00f3n de los buques es un tema que surge con frecuencia en Panam\u00e1 debido al tr\u00e1fico internacional, que resulta de la ubicaci\u00f3n geogr\u00e1fica del Canal de Panam\u00e1. Uno de los principales convenios internacionales que regula esta materia es la Convenci\u00f3n de 1952, firmado en Bruselas, de los cuales Panam\u00e1 no es parte. Sin embargo, [&hellip;]<\/p>\n","protected":false},"author":1,"featured_media":43,"parent":6,"menu_order":0,"comment_status":"closed","ping_status":"closed","template":"page-inner-maritime.php","meta":{"footnotes":""},"class_list":["post-47","page","type-page","status-publish","has-post-thumbnail","hentry"],"_links":{"self":[{"href":"https:\/\/www.shirleylaw.com\/es\/wp-json\/wp\/v2\/pages\/47","targetHints":{"allow":["GET"]}}],"collection":[{"href":"https:\/\/www.shirleylaw.com\/es\/wp-json\/wp\/v2\/pages"}],"about":[{"href":"https:\/\/www.shirleylaw.com\/es\/wp-json\/wp\/v2\/types\/page"}],"author":[{"embeddable":true,"href":"https:\/\/www.shirleylaw.com\/es\/wp-json\/wp\/v2\/users\/1"}],"replies":[{"embeddable":true,"href":"https:\/\/www.shirleylaw.com\/es\/wp-json\/wp\/v2\/comments?post=47"}],"version-history":[{"count":8,"href":"https:\/\/www.shirleylaw.com\/es\/wp-json\/wp\/v2\/pages\/47\/revisions"}],"predecessor-version":[{"id":905,"href":"https:\/\/www.shirleylaw.com\/es\/wp-json\/wp\/v2\/pages\/47\/revisions\/905"}],"up":[{"embeddable":true,"href":"https:\/\/www.shirleylaw.com\/es\/wp-json\/wp\/v2\/pages\/6"}],"wp:featuredmedia":[{"embeddable":true,"href":"https:\/\/www.shirleylaw.com\/es\/wp-json\/wp\/v2\/media\/43"}],"wp:attachment":[{"href":"https:\/\/www.shirleylaw.com\/es\/wp-json\/wp\/v2\/media?parent=47"}],"curies":[{"name":"wp","href":"https:\/\/api.w.org\/{rel}","templated":true}]}}