{"id":49,"date":"2016-09-30T04:13:45","date_gmt":"2016-09-30T04:13:45","guid":{"rendered":"http:\/\/shirleylaw.com\/?page_id=49"},"modified":"2016-11-21T10:23:16","modified_gmt":"2016-11-21T10:23:16","slug":"maritime-litigation","status":"publish","type":"page","link":"https:\/\/www.shirleylaw.com\/es\/maritime-law\/maritime-litigation\/","title":{"rendered":"Litigio Mar\u00edtimo"},"content":{"rendered":"<p><\/p>\n<p class=\"contenido_text\">En Shirley &amp; Asociados asistimos a nuestros navieros con juicios por diferentes motivos, ya sea por secuestro errado de naves, demandas, entre otros.<\/p>\n<p class=\"contenido_text\">Panam\u00e1 ha creado una jurisdicci\u00f3n especializada en asuntos mar\u00edtimos, la cual est\u00e1 compuesta por dos tribunales superiores mar\u00edtimos, los cuales se encargan de dirigir todas las controversias y disputas que tengan como elemento naves paname\u00f1as.<\/p>\n<p class=\"contenido_text\">Los conflictos jur\u00eddicos en esta rama del Derecho tienen un procedimiento que difiere en algunos aspectos con su contraparte civil; toda vez que existe una legislaci\u00f3n especial para estos casos, que es la Ley N\u00ba 8 de 30 de marzo de 1982, la cual crea los tribunales mar\u00edtimos y dicta normas de procedimiento.<\/p>\n<p><\/p>","protected":false},"excerpt":{"rendered":"<p>En Shirley &amp; Asociados asistimos a nuestros navieros con juicios por diferentes motivos, ya sea por secuestro errado de naves, demandas, entre otros. Panam\u00e1 ha creado una jurisdicci\u00f3n especializada en asuntos mar\u00edtimos, la cual est\u00e1 compuesta por dos tribunales superiores mar\u00edtimos, los cuales se encargan de dirigir todas las controversias y disputas que tengan como [&hellip;]<\/p>\n","protected":false},"author":1,"featured_media":43,"parent":6,"menu_order":0,"comment_status":"closed","ping_status":"closed","template":"page-inner-maritime.php","meta":{"footnotes":""},"class_list":["post-49","page","type-page","status-publish","has-post-thumbnail","hentry"],"_links":{"self":[{"href":"https:\/\/www.shirleylaw.com\/es\/wp-json\/wp\/v2\/pages\/49","targetHints":{"allow":["GET"]}}],"collection":[{"href":"https:\/\/www.shirleylaw.com\/es\/wp-json\/wp\/v2\/pages"}],"about":[{"href":"https:\/\/www.shirleylaw.com\/es\/wp-json\/wp\/v2\/types\/page"}],"author":[{"embeddable":true,"href":"https:\/\/www.shirleylaw.com\/es\/wp-json\/wp\/v2\/users\/1"}],"replies":[{"embeddable":true,"href":"https:\/\/www.shirleylaw.com\/es\/wp-json\/wp\/v2\/comments?post=49"}],"version-history":[{"count":4,"href":"https:\/\/www.shirleylaw.com\/es\/wp-json\/wp\/v2\/pages\/49\/revisions"}],"predecessor-version":[{"id":715,"href":"https:\/\/www.shirleylaw.com\/es\/wp-json\/wp\/v2\/pages\/49\/revisions\/715"}],"up":[{"embeddable":true,"href":"https:\/\/www.shirleylaw.com\/es\/wp-json\/wp\/v2\/pages\/6"}],"wp:featuredmedia":[{"embeddable":true,"href":"https:\/\/www.shirleylaw.com\/es\/wp-json\/wp\/v2\/media\/43"}],"wp:attachment":[{"href":"https:\/\/www.shirleylaw.com\/es\/wp-json\/wp\/v2\/media?parent=49"}],"curies":[{"name":"wp","href":"https:\/\/api.w.org\/{rel}","templated":true}]}}