{"id":51,"date":"2016-09-30T04:26:31","date_gmt":"2016-09-30T04:26:31","guid":{"rendered":"http:\/\/shirleylaw.com\/?page_id=51"},"modified":"2016-11-21T10:16:15","modified_gmt":"2016-11-21T10:16:15","slug":"banking-securities","status":"publish","type":"page","link":"https:\/\/www.shirleylaw.com\/es\/commercial-law\/banking-securities\/","title":{"rendered":"Banca y Valores"},"content":{"rendered":"<p><\/p>\n<p class=\"contenido_text\" align=\"justify\"><strong>Derecho Bancario<\/strong><br \/>\nLa Firma ofrece asistencia a sus clientes, sean estos bancos o no, con respecto a contratos de pr\u00e9stamo, t\u00edtulos de valores, cartas de cr\u00e9dito, y otras transacciones bancarias. Este servicio tambi\u00e9n incluye apoyo en el establecimiento y desarrollo de operaciones bancarias en Panam\u00e1.<\/p>\n<p class=\"contenido_text\" align=\"justify\"><strong><span class=\"tlsa\"><a href=\"https:\/\/shirleylaw.com\/wp-content\/uploads\/2016\/10\/LeyBancaria.pdf\">Ley Bancaria<\/a><\/span><\/strong><\/p>\n<p class=\"contenido_text\" align=\"justify\"><strong>Derecho de Valores<\/strong><br \/>\nTambi\u00e9n ofrecemos consejos sobre las disposiciones y cumplimiento de la nueva legislaci\u00f3n de valores que entr\u00f3 a regir en 1999. Facilitamos consejo t\u00e9cnico y pr\u00e1ctico para los interesados en ofrecer al p\u00fablico t\u00edtulos de valores o bonos, obtener licencias para c\u00e1maras de compensaci\u00f3n, brokerage y otros asuntos relacionados.<\/p>\n<p class=\"contenido_text\" align=\"justify\"><span class=\"tlsa\"><a href=\"https:\/\/shirleylaw.com\/wp-content\/uploads\/2016\/10\/LeydeValores.pdf\" target=\"_blank\">Ley de Valores y la Comisi\u00f3n Nacional de Valores <\/a><\/span><\/p>\n<p><\/p>","protected":false},"excerpt":{"rendered":"<p>Derecho Bancario La Firma ofrece asistencia a sus clientes, sean estos bancos o no, con respecto a contratos de pr\u00e9stamo, t\u00edtulos de valores, cartas de cr\u00e9dito, y otras transacciones bancarias. Este servicio tambi\u00e9n incluye apoyo en el establecimiento y desarrollo de operaciones bancarias en Panam\u00e1. Ley Bancaria Derecho de Valores Tambi\u00e9n ofrecemos consejos sobre las [&hellip;]<\/p>\n","protected":false},"author":1,"featured_media":43,"parent":20,"menu_order":0,"comment_status":"closed","ping_status":"closed","template":"page-inner-commercial.php","meta":{"footnotes":""},"class_list":["post-51","page","type-page","status-publish","has-post-thumbnail","hentry"],"_links":{"self":[{"href":"https:\/\/www.shirleylaw.com\/es\/wp-json\/wp\/v2\/pages\/51","targetHints":{"allow":["GET"]}}],"collection":[{"href":"https:\/\/www.shirleylaw.com\/es\/wp-json\/wp\/v2\/pages"}],"about":[{"href":"https:\/\/www.shirleylaw.com\/es\/wp-json\/wp\/v2\/types\/page"}],"author":[{"embeddable":true,"href":"https:\/\/www.shirleylaw.com\/es\/wp-json\/wp\/v2\/users\/1"}],"replies":[{"embeddable":true,"href":"https:\/\/www.shirleylaw.com\/es\/wp-json\/wp\/v2\/comments?post=51"}],"version-history":[{"count":8,"href":"https:\/\/www.shirleylaw.com\/es\/wp-json\/wp\/v2\/pages\/51\/revisions"}],"predecessor-version":[{"id":1062,"href":"https:\/\/www.shirleylaw.com\/es\/wp-json\/wp\/v2\/pages\/51\/revisions\/1062"}],"up":[{"embeddable":true,"href":"https:\/\/www.shirleylaw.com\/es\/wp-json\/wp\/v2\/pages\/20"}],"wp:featuredmedia":[{"embeddable":true,"href":"https:\/\/www.shirleylaw.com\/es\/wp-json\/wp\/v2\/media\/43"}],"wp:attachment":[{"href":"https:\/\/www.shirleylaw.com\/es\/wp-json\/wp\/v2\/media?parent=51"}],"curies":[{"name":"wp","href":"https:\/\/api.w.org\/{rel}","templated":true}]}}