{"id":53,"date":"2016-09-30T04:28:25","date_gmt":"2016-09-30T04:28:25","guid":{"rendered":"http:\/\/shirleylaw.com\/?page_id=53"},"modified":"2016-11-21T10:16:21","modified_gmt":"2016-11-21T10:16:21","slug":"insurance-re-insurance","status":"publish","type":"page","link":"https:\/\/www.shirleylaw.com\/es\/commercial-law\/insurance-re-insurance\/","title":{"rendered":"Seguros y Re-aseguros"},"content":{"rendered":"<p>N<span class=\"contenido_text\">uestros abogados ofrecen consultor\u00eda sobre propiedades, seguros mar\u00edtimos y de accidentes, adem\u00e1s de informaci\u00f3n y asistencia son sus re-aseguros y compa\u00f1\u00edas aseguradoras.<\/span><\/p>","protected":false},"excerpt":{"rendered":"<p>Nuestros abogados ofrecen consultor\u00eda sobre propiedades, seguros mar\u00edtimos y de accidentes, adem\u00e1s de informaci\u00f3n y asistencia son sus re-aseguros y compa\u00f1\u00edas aseguradoras.<\/p>\n","protected":false},"author":1,"featured_media":43,"parent":20,"menu_order":0,"comment_status":"closed","ping_status":"closed","template":"page-inner-commercial.php","meta":{"footnotes":""},"class_list":["post-53","page","type-page","status-publish","has-post-thumbnail","hentry"],"_links":{"self":[{"href":"https:\/\/www.shirleylaw.com\/es\/wp-json\/wp\/v2\/pages\/53","targetHints":{"allow":["GET"]}}],"collection":[{"href":"https:\/\/www.shirleylaw.com\/es\/wp-json\/wp\/v2\/pages"}],"about":[{"href":"https:\/\/www.shirleylaw.com\/es\/wp-json\/wp\/v2\/types\/page"}],"author":[{"embeddable":true,"href":"https:\/\/www.shirleylaw.com\/es\/wp-json\/wp\/v2\/users\/1"}],"replies":[{"embeddable":true,"href":"https:\/\/www.shirleylaw.com\/es\/wp-json\/wp\/v2\/comments?post=53"}],"version-history":[{"count":4,"href":"https:\/\/www.shirleylaw.com\/es\/wp-json\/wp\/v2\/pages\/53\/revisions"}],"predecessor-version":[{"id":721,"href":"https:\/\/www.shirleylaw.com\/es\/wp-json\/wp\/v2\/pages\/53\/revisions\/721"}],"up":[{"embeddable":true,"href":"https:\/\/www.shirleylaw.com\/es\/wp-json\/wp\/v2\/pages\/20"}],"wp:featuredmedia":[{"embeddable":true,"href":"https:\/\/www.shirleylaw.com\/es\/wp-json\/wp\/v2\/media\/43"}],"wp:attachment":[{"href":"https:\/\/www.shirleylaw.com\/es\/wp-json\/wp\/v2\/media?parent=53"}],"curies":[{"name":"wp","href":"https:\/\/api.w.org\/{rel}","templated":true}]}}