{"id":55,"date":"2016-09-30T04:31:27","date_gmt":"2016-09-30T04:31:27","guid":{"rendered":"http:\/\/shirleylaw.com\/?page_id=55"},"modified":"2016-11-21T10:16:57","modified_gmt":"2016-11-21T10:16:57","slug":"tourism","status":"publish","type":"page","link":"https:\/\/www.shirleylaw.com\/es\/commercial-law\/tourism\/","title":{"rendered":"Turismo"},"content":{"rendered":"<p><\/p>\n<p class=\"contenido_text\" align=\"justify\">En los \u00faltimos a\u00f1os, Panam\u00e1 ha presentado un gran auge en el sector tur\u00edstico; aunado al desarrollo de pol\u00edticas econ\u00f3micas que promueven la inversi\u00f3n a lo largo y ancho del pa\u00eds.<\/p>\n<p>Hoy se cuenta con reglamentaciones que incentivan aquellas inversiones extranjeras en lo que respecta al sector turismo. Estas son reguladas principalmente por la Ley No. 8 de 1994 que define todos los incentivos que reciben las inversiones for\u00e1neas, como tambi\u00e9n por otras leyes que complementan estos incentivos con el principal objetivo de incrementar el desarrollo tur\u00edstico en nuestro pa\u00eds.<\/p>\n<p class=\"contenido_text\">Leyes que incentivan la inversi\u00f3n tur\u00edstica en Panam\u00e1:<\/p>\n<ul type=\"disc\">\n<li class=\"contenido_text\">Promoci\u00f3n de las actividades tur\u00edsticas<\/li>\n<li class=\"contenido_text\">Protecci\u00f3n a la inversi\u00f3n tur\u00edstica<\/li>\n<li class=\"contenido_text\">Agilizaci\u00f3n de la apertura de empresas<\/li>\n<li class=\"contenido_text\">Regulaci\u00f3n de las concesiones y enajenaci\u00f3n de territorio para inversi\u00f3n tur\u00edstica<\/li>\n<\/ul>\n<p class=\"contenido_text\"><strong><a href=\"https:\/\/shirleylaw.com\/es\/atp.pdf\">\u00a0<\/a><\/strong><a href=\"https:\/\/shirleylaw.com\/es\/atp.pdf\"><span class=\"contenido\">Tomado de la Autoridad de Turismo de Panam\u00e1<\/span><\/a><\/p>\n<p><\/p>","protected":false},"excerpt":{"rendered":"<p>En los \u00faltimos a\u00f1os, Panam\u00e1 ha presentado un gran auge en el sector tur\u00edstico; aunado al desarrollo de pol\u00edticas econ\u00f3micas que promueven la inversi\u00f3n a lo largo y ancho del pa\u00eds. Hoy se cuenta con reglamentaciones que incentivan aquellas inversiones extranjeras en lo que respecta al sector turismo. Estas son reguladas principalmente por la Ley [&hellip;]<\/p>\n","protected":false},"author":1,"featured_media":43,"parent":20,"menu_order":0,"comment_status":"closed","ping_status":"closed","template":"page-inner-commercial.php","meta":{"footnotes":""},"class_list":["post-55","page","type-page","status-publish","has-post-thumbnail","hentry"],"_links":{"self":[{"href":"https:\/\/www.shirleylaw.com\/es\/wp-json\/wp\/v2\/pages\/55","targetHints":{"allow":["GET"]}}],"collection":[{"href":"https:\/\/www.shirleylaw.com\/es\/wp-json\/wp\/v2\/pages"}],"about":[{"href":"https:\/\/www.shirleylaw.com\/es\/wp-json\/wp\/v2\/types\/page"}],"author":[{"embeddable":true,"href":"https:\/\/www.shirleylaw.com\/es\/wp-json\/wp\/v2\/users\/1"}],"replies":[{"embeddable":true,"href":"https:\/\/www.shirleylaw.com\/es\/wp-json\/wp\/v2\/comments?post=55"}],"version-history":[{"count":4,"href":"https:\/\/www.shirleylaw.com\/es\/wp-json\/wp\/v2\/pages\/55\/revisions"}],"predecessor-version":[{"id":702,"href":"https:\/\/www.shirleylaw.com\/es\/wp-json\/wp\/v2\/pages\/55\/revisions\/702"}],"up":[{"embeddable":true,"href":"https:\/\/www.shirleylaw.com\/es\/wp-json\/wp\/v2\/pages\/20"}],"wp:featuredmedia":[{"embeddable":true,"href":"https:\/\/www.shirleylaw.com\/es\/wp-json\/wp\/v2\/media\/43"}],"wp:attachment":[{"href":"https:\/\/www.shirleylaw.com\/es\/wp-json\/wp\/v2\/media?parent=55"}],"curies":[{"name":"wp","href":"https:\/\/api.w.org\/{rel}","templated":true}]}}