{"id":57,"date":"2016-09-30T04:32:37","date_gmt":"2016-09-30T04:32:37","guid":{"rendered":"http:\/\/shirleylaw.com\/?page_id=57"},"modified":"2016-11-25T06:56:08","modified_gmt":"2016-11-25T06:56:08","slug":"international-trade","status":"publish","type":"page","link":"https:\/\/www.shirleylaw.com\/es\/commercial-law\/international-trade\/","title":{"rendered":"Comercio Internacional"},"content":{"rendered":"<p><\/p>\n<p class=\"contenido_text\">Nuestros abogados est\u00e1n especializados en transacciones internacionales, tales como joint ventures, fusiones y adquisiciones, pr\u00e9stamos y otras transacciones financieras, y el establecimiento de una subsidiaria u operaciones en el extranjero. Este apoyo est\u00e1 disponible para empresas internacionales que desean establecerse en Panam\u00e1 y a empresas paname\u00f1as con intereses en otros pa\u00edses. La Firma puede contribuir con la redacci\u00f3n de documentos en Ingl\u00e9s o Espa\u00f1ol, sujeto a las leyes de Panam\u00e1 o al Derecho Internacional.<br \/>\nHemos colaborado con clientes de Singapur, Estados Unidos, Canad\u00e1, M\u00e9xico, Jap\u00f3n, Inglaterra, Francia, Espa\u00f1a, Alemania, Italia, Suiza, Checoslovaquia, China, Sur Africa, Indonesia, Tailandia, y Venezuela. La experiencia del equipo internacional asegura una transacci\u00f3n sin complicaci\u00f3n.<\/p>\n<div>\n<p class=\"contenido_text\">Mediante nuestra asociaci\u00f3n con <a href=\"https:\/\/www.msi-network.com\/\"><span class=\"contenido\">MacIntyre Str\u00e4ter,<\/span><\/a> la Firma obtiene cooperaci\u00f3n con transacciones a nivel mundial.<\/p>\n<p class=\"contenido_text\">P\u00e1gina Web: <a href=\"https:\/\/www.msiglobal.org\/\"><span class=\"contenido\">www.msiglobal.org\/<\/span><\/a><\/p>\n<p class=\"contenido\"><u><a href=\"https:\/\/shirleylaw.com\/wp-content\/uploads\/2016\/10\/Comoempezar.pdf\"><strong>C\u00f3mo empezar \u2013 Estableciendo su negocio en Panam\u00e1<\/strong><\/a><\/u><\/p>\n<\/div>\n<p><\/p>","protected":false},"excerpt":{"rendered":"<p>Nuestros abogados est\u00e1n especializados en transacciones internacionales, tales como joint ventures, fusiones y adquisiciones, pr\u00e9stamos y otras transacciones financieras, y el establecimiento de una subsidiaria u operaciones en el extranjero. Este apoyo est\u00e1 disponible para empresas internacionales que desean establecerse en Panam\u00e1 y a empresas paname\u00f1as con intereses en otros pa\u00edses. La Firma puede contribuir [&hellip;]<\/p>\n","protected":false},"author":1,"featured_media":43,"parent":20,"menu_order":0,"comment_status":"closed","ping_status":"closed","template":"page-inner-commercial.php","meta":{"footnotes":""},"class_list":["post-57","page","type-page","status-publish","has-post-thumbnail","hentry"],"_links":{"self":[{"href":"https:\/\/www.shirleylaw.com\/es\/wp-json\/wp\/v2\/pages\/57","targetHints":{"allow":["GET"]}}],"collection":[{"href":"https:\/\/www.shirleylaw.com\/es\/wp-json\/wp\/v2\/pages"}],"about":[{"href":"https:\/\/www.shirleylaw.com\/es\/wp-json\/wp\/v2\/types\/page"}],"author":[{"embeddable":true,"href":"https:\/\/www.shirleylaw.com\/es\/wp-json\/wp\/v2\/users\/1"}],"replies":[{"embeddable":true,"href":"https:\/\/www.shirleylaw.com\/es\/wp-json\/wp\/v2\/comments?post=57"}],"version-history":[{"count":8,"href":"https:\/\/www.shirleylaw.com\/es\/wp-json\/wp\/v2\/pages\/57\/revisions"}],"predecessor-version":[{"id":1185,"href":"https:\/\/www.shirleylaw.com\/es\/wp-json\/wp\/v2\/pages\/57\/revisions\/1185"}],"up":[{"embeddable":true,"href":"https:\/\/www.shirleylaw.com\/es\/wp-json\/wp\/v2\/pages\/20"}],"wp:featuredmedia":[{"embeddable":true,"href":"https:\/\/www.shirleylaw.com\/es\/wp-json\/wp\/v2\/media\/43"}],"wp:attachment":[{"href":"https:\/\/www.shirleylaw.com\/es\/wp-json\/wp\/v2\/media?parent=57"}],"curies":[{"name":"wp","href":"https:\/\/api.w.org\/{rel}","templated":true}]}}