{"id":59,"date":"2016-09-30T04:33:19","date_gmt":"2016-09-30T04:33:19","guid":{"rendered":"http:\/\/shirleylaw.com\/?page_id=59"},"modified":"2016-11-21T10:16:49","modified_gmt":"2016-11-21T10:16:49","slug":"mercantile-arbitration-litigation","status":"publish","type":"page","link":"https:\/\/www.shirleylaw.com\/es\/commercial-law\/mercantile-arbitration-litigation\/","title":{"rendered":"Arbitraje y Litigio Mercantil"},"content":{"rendered":"<p><\/p>\n<p class=\"contenido_text\">Representamos a clientes en asuntos comerciales y corporativos. Nuestros abogados adaptan sus consejos a las necesidades y expectativas del cliente, sea \u00e9ste en el \u00e1mbito individual o corporativo. Estas recomendaciones toman en cuenta la naturaleza local o internacional de la transacci\u00f3n. Si se refiere a un asunto contractual rutinario, o asuntos m\u00e1s complicados de finanzas corporativas, ventas de patrimonio corporativo, fusi\u00f3n o adquisici\u00f3n de otra empresa, nuestro equipo de profesionales se asegura de que los clientes reciban atenci\u00f3n puntual y eficaz.<\/p>\n<p class=\"contenido_text\"><a href=\"https:\/\/shirleylaw.com\/wp-content\/uploads\/2016\/10\/Ley43.pdf\"><span class=\"contenido\"><br \/>\n<u class=\"contenido\">Ley 43 (Comercio electr\u00f3nico)<\/u><\/span><\/a> de 31 de julio de 2001. Define y regula los documentos, firmas electr\u00f3nicas, las entidades de certificaci\u00f3n en el comercio electr\u00f3nico y el intercambio de documentos electr\u00f3nicos.<\/p>\n<p><\/p>","protected":false},"excerpt":{"rendered":"<p>Representamos a clientes en asuntos comerciales y corporativos. Nuestros abogados adaptan sus consejos a las necesidades y expectativas del cliente, sea \u00e9ste en el \u00e1mbito individual o corporativo. Estas recomendaciones toman en cuenta la naturaleza local o internacional de la transacci\u00f3n. Si se refiere a un asunto contractual rutinario, o asuntos m\u00e1s complicados de finanzas [&hellip;]<\/p>\n","protected":false},"author":1,"featured_media":43,"parent":20,"menu_order":0,"comment_status":"closed","ping_status":"closed","template":"page-inner-commercial.php","meta":{"footnotes":""},"class_list":["post-59","page","type-page","status-publish","has-post-thumbnail","hentry"],"_links":{"self":[{"href":"https:\/\/www.shirleylaw.com\/es\/wp-json\/wp\/v2\/pages\/59","targetHints":{"allow":["GET"]}}],"collection":[{"href":"https:\/\/www.shirleylaw.com\/es\/wp-json\/wp\/v2\/pages"}],"about":[{"href":"https:\/\/www.shirleylaw.com\/es\/wp-json\/wp\/v2\/types\/page"}],"author":[{"embeddable":true,"href":"https:\/\/www.shirleylaw.com\/es\/wp-json\/wp\/v2\/users\/1"}],"replies":[{"embeddable":true,"href":"https:\/\/www.shirleylaw.com\/es\/wp-json\/wp\/v2\/comments?post=59"}],"version-history":[{"count":5,"href":"https:\/\/www.shirleylaw.com\/es\/wp-json\/wp\/v2\/pages\/59\/revisions"}],"predecessor-version":[{"id":909,"href":"https:\/\/www.shirleylaw.com\/es\/wp-json\/wp\/v2\/pages\/59\/revisions\/909"}],"up":[{"embeddable":true,"href":"https:\/\/www.shirleylaw.com\/es\/wp-json\/wp\/v2\/pages\/20"}],"wp:featuredmedia":[{"embeddable":true,"href":"https:\/\/www.shirleylaw.com\/es\/wp-json\/wp\/v2\/media\/43"}],"wp:attachment":[{"href":"https:\/\/www.shirleylaw.com\/es\/wp-json\/wp\/v2\/media?parent=59"}],"curies":[{"name":"wp","href":"https:\/\/api.w.org\/{rel}","templated":true}]}}