{"id":6,"date":"2016-09-29T10:40:34","date_gmt":"2016-09-29T10:40:34","guid":{"rendered":"http:\/\/shirleylaw.com\/?page_id=6"},"modified":"2016-11-21T10:23:04","modified_gmt":"2016-11-21T10:23:04","slug":"maritime-law","status":"publish","type":"page","link":"https:\/\/www.shirleylaw.com\/es\/maritime-law\/","title":{"rendered":"Derecho Mar\u00edtimo"},"content":{"rendered":"<p>El Derecho Mar\u00edtimo es un cuerpo normativo que rige los problemas que puedan surgir a ra\u00edz de las relaciones entre entidades de Derecho Privado dedicadas al tr\u00e1fico mar\u00edtimo. El Derecho mar\u00edtimo ha de ser diferenciado del Derecho del Mar, constituido por un cuerpo de normas de Derecho Internacional que regula las relaciones jur\u00eddicas entre Estados, y no entre particulares.<\/p>\n<p>Shirley y Asociados provee servicios legales en asuntos mar\u00edtimos de toda \u00edndole, desde transacciones rutinarias como el registro de naves e hipotecas navales, hasta asuntos m\u00e1s complicados de contratos mar\u00edtimos, fletamento, transferencias de titularidad y transacciones financieras, incluyendo t\u00edtulos de cr\u00e9dito y valores. Tambi\u00e9n se encarga de representar clientes en litigios mar\u00edtimos.<\/p>","protected":false},"excerpt":{"rendered":"<p>El Derecho Mar\u00edtimo es un cuerpo normativo que rige los problemas que puedan surgir a ra\u00edz de las relaciones entre entidades de Derecho Privado dedicadas al tr\u00e1fico mar\u00edtimo. El Derecho mar\u00edtimo ha de ser diferenciado del Derecho del Mar, constituido por un cuerpo de normas de Derecho Internacional que regula las relaciones jur\u00eddicas entre Estados, [&hellip;]<\/p>\n","protected":false},"author":1,"featured_media":43,"parent":0,"menu_order":0,"comment_status":"closed","ping_status":"closed","template":"page-maritime.php","meta":{"footnotes":""},"class_list":["post-6","page","type-page","status-publish","has-post-thumbnail","hentry"],"_links":{"self":[{"href":"https:\/\/www.shirleylaw.com\/es\/wp-json\/wp\/v2\/pages\/6","targetHints":{"allow":["GET"]}}],"collection":[{"href":"https:\/\/www.shirleylaw.com\/es\/wp-json\/wp\/v2\/pages"}],"about":[{"href":"https:\/\/www.shirleylaw.com\/es\/wp-json\/wp\/v2\/types\/page"}],"author":[{"embeddable":true,"href":"https:\/\/www.shirleylaw.com\/es\/wp-json\/wp\/v2\/users\/1"}],"replies":[{"embeddable":true,"href":"https:\/\/www.shirleylaw.com\/es\/wp-json\/wp\/v2\/comments?post=6"}],"version-history":[{"count":4,"href":"https:\/\/www.shirleylaw.com\/es\/wp-json\/wp\/v2\/pages\/6\/revisions"}],"predecessor-version":[{"id":703,"href":"https:\/\/www.shirleylaw.com\/es\/wp-json\/wp\/v2\/pages\/6\/revisions\/703"}],"wp:featuredmedia":[{"embeddable":true,"href":"https:\/\/www.shirleylaw.com\/es\/wp-json\/wp\/v2\/media\/43"}],"wp:attachment":[{"href":"https:\/\/www.shirleylaw.com\/es\/wp-json\/wp\/v2\/media?parent=6"}],"curies":[{"name":"wp","href":"https:\/\/api.w.org\/{rel}","templated":true}]}}