{"id":62,"date":"2016-09-30T04:41:06","date_gmt":"2016-09-30T04:41:06","guid":{"rendered":"http:\/\/shirleylaw.com\/?page_id=62"},"modified":"2016-11-21T10:24:10","modified_gmt":"2016-11-21T10:24:10","slug":"luis-shirley","status":"publish","type":"page","link":"https:\/\/www.shirleylaw.com\/es\/our-lawyers\/luis-shirley\/","title":{"rendered":"Luis Shirley"},"content":{"rendered":"<p><\/p>\n<p class=\"contenido_c\" align=\"justify\">Luis Shirley<span class=\"contenido_text\"> es el socio administrador de Shirley y Asociados, adem\u00e1s es el fundador de Shirley Trust Company Limited.<br \/>\n<\/span><\/p>\n<p class=\"contenido_text\" align=\"justify\"><strong>Educaci\u00f3n: <\/strong>Egresado de la Universidad de Panam\u00e1, Facultad de Derecho(LL.B., 1965) con honores(Sigma Lambda). <span class=\"contenido_text\">Idoneidad para ejercer en Panam\u00e1, 1964.<\/span><\/p>\n<p class=\"contenido_text\" align=\"justify\"><strong>Autor: <\/strong>\u00abTerminaci\u00f3n del Contrato Individual de Trabajo\u00bb 1964 (tesis).<\/p>\n<p class=\"contenido_text\" align=\"justify\"><strong>Profesor: <\/strong>Ciencias Pol\u00edticas, Universidad de Panam\u00e1, Facultad de Derecho, 1975- 2002.<\/p>\n<p class=\"contenido_text\" align=\"justify\">Presidente, Delegaci\u00f3n de la R.P. a la Conferencia Anual de la OIT, 1972-1975.<\/p>\n<p class=\"contenido_text\" align=\"justify\">Vice-Ministro de Trabajo, 1972-1975.<\/p>\n<p class=\"contenido_text\" align=\"justify\"><strong>Miembro:<\/strong> Colegio Nacional de Abogados (Presidente, 1977-1981, Director, 1980-1981).<\/p>\n<p class=\"contenido_text\" align=\"justify\"><strong>Idiomas:<\/strong> Espa\u00f1ol, Ingl\u00e9s, y Franc\u00e9s.<\/p>\n<p class=\"contenido_text\" align=\"justify\"><strong>Especializaciones:<\/strong> Derecho Laboral, Derecho Corporativo, Litigio Civil, y Derecho Mar\u00edtimo.<\/p>\n<p class=\"contenido_text\" align=\"justify\"><strong>Email: <\/strong><a href=\"mailto:lshirley@shirleylaw.com\"><span class=\"contenido\">lshirley@shirleylaw.com<\/span><\/a><\/p>\n<p><\/p>","protected":false},"excerpt":{"rendered":"<p>Luis Shirley es el socio administrador de Shirley y Asociados, adem\u00e1s es el fundador de Shirley Trust Company Limited. Educaci\u00f3n: Egresado de la Universidad de Panam\u00e1, Facultad de Derecho(LL.B., 1965) con honores(Sigma Lambda). Idoneidad para ejercer en Panam\u00e1, 1964. Autor: \u00abTerminaci\u00f3n del Contrato Individual de Trabajo\u00bb 1964 (tesis). Profesor: Ciencias Pol\u00edticas, Universidad de Panam\u00e1, Facultad [&hellip;]<\/p>\n","protected":false},"author":1,"featured_media":64,"parent":281,"menu_order":0,"comment_status":"closed","ping_status":"closed","template":"page-inner-lawer.php","meta":{"footnotes":""},"class_list":["post-62","page","type-page","status-publish","has-post-thumbnail","hentry"],"_links":{"self":[{"href":"https:\/\/www.shirleylaw.com\/es\/wp-json\/wp\/v2\/pages\/62","targetHints":{"allow":["GET"]}}],"collection":[{"href":"https:\/\/www.shirleylaw.com\/es\/wp-json\/wp\/v2\/pages"}],"about":[{"href":"https:\/\/www.shirleylaw.com\/es\/wp-json\/wp\/v2\/types\/page"}],"author":[{"embeddable":true,"href":"https:\/\/www.shirleylaw.com\/es\/wp-json\/wp\/v2\/users\/1"}],"replies":[{"embeddable":true,"href":"https:\/\/www.shirleylaw.com\/es\/wp-json\/wp\/v2\/comments?post=62"}],"version-history":[{"count":7,"href":"https:\/\/www.shirleylaw.com\/es\/wp-json\/wp\/v2\/pages\/62\/revisions"}],"predecessor-version":[{"id":916,"href":"https:\/\/www.shirleylaw.com\/es\/wp-json\/wp\/v2\/pages\/62\/revisions\/916"}],"up":[{"embeddable":true,"href":"https:\/\/www.shirleylaw.com\/es\/wp-json\/wp\/v2\/pages\/281"}],"wp:featuredmedia":[{"embeddable":true,"href":"https:\/\/www.shirleylaw.com\/es\/wp-json\/wp\/v2\/media\/64"}],"wp:attachment":[{"href":"https:\/\/www.shirleylaw.com\/es\/wp-json\/wp\/v2\/media?parent=62"}],"curies":[{"name":"wp","href":"https:\/\/api.w.org\/{rel}","templated":true}]}}