{"id":65,"date":"2016-09-30T04:44:50","date_gmt":"2016-09-30T04:44:50","guid":{"rendered":"http:\/\/shirleylaw.com\/?page_id=65"},"modified":"2016-11-21T10:24:34","modified_gmt":"2016-11-21T10:24:34","slug":"renato-pereira","status":"publish","type":"page","link":"https:\/\/www.shirleylaw.com\/es\/our-lawyers\/renato-pereira\/","title":{"rendered":"Renato Pereira"},"content":{"rendered":"<p><\/p>\n<p class=\"contenido_text\" align=\"justify\">Tiene m\u00e1s de 40 a\u00f1os de experiencia en el ejercicio de derecho, adem\u00e1s de ser una personalidad reconocida y de prestigio en la sociedad pol\u00edtica paname\u00f1a. Es experto en litigio penal y administrativo, y tiene experiencia en Derecho Comercial y el Comercio Internacional.<\/p>\n<p class=\"contenido_text\"><strong>Educaci\u00f3n:<\/strong> Adem\u00e1s de su licenciatura de la Universidad de Panam\u00e1 (Lic., 1964), el Dr. Pereira obtuvo su doctorado en Ciencias Politicas de la Universidad de La Sorbonne, Par\u00eds. Francia (1976), adem\u00e1s de cumplir estudios especializados en el Colegio Interamericano de Defensa, Washington D.C. (1986).<\/p>\n<p class=\"contenido_text\">El Dr. Pereira es conocido como expositor nacional y desde 1999 es conductor de un programa de comentarios pol\u00ecticos y econ\u00f3micos en la televisi\u00f3n y la radio.<\/p>\n<p class=\"contenido_text\"><strong>Idiomas:<\/strong> Espa\u00f1ol, Ingl\u00e9s y Franc\u00e9s.<\/p>\n<p class=\"contenido_text\">El Dr. Pereira fue Suplente Ambassador de Panama a UNESCO, Paris (1972 \u2013 1975). Fue asesor del Equipo de Negociaci\u00f3n del Tratado del Canal de Panam\u00e1 (Torrijos-Carter), firmado en 1977. Tambi\u00e9n fue Comisionado de Asuntos Comerciales de la Embajada Paname\u00f1a en Francia (1982- 1985); Ministro de Justicia, 1989; Presidente de la Junta Directiva del Instituto Nacional de Telecomunicaciones (INTEL), 1989.<\/p>\n<p class=\"contenido_text\"><strong>Membres\u00eda:<\/strong> El Dr. Pereira es miembro del Colegio Nacional de Abogados, y miembro fundador del \u00abDi\u00e1logo Centroamericano permanente para la paz, la seguridad y la desmilitarizaci\u00f3n de la fundaci\u00f3n Oscar Arias para la paz y el progreso humano\u00bb, en San Jose, Costa Rica.<\/p>\n<p class=\"contenido_text\">El Dr. Pereira se uni\u00f3 a Shirley y Asociados el 1 de marzo de 2000, despu\u00e9s de la fusi\u00f3n de su firma con esta.<\/p>\n<p class=\"contenido_text\"><strong>Email:<\/strong> <a href=\"mailto:rpereira@shirleylaw.com\"><span class=\"contenido\">rpereira@shirleylaw.com<\/span><\/a><\/p>\n<p><\/p>","protected":false},"excerpt":{"rendered":"<p>Tiene m\u00e1s de 40 a\u00f1os de experiencia en el ejercicio de derecho, adem\u00e1s de ser una personalidad reconocida y de prestigio en la sociedad pol\u00edtica paname\u00f1a. Es experto en litigio penal y administrativo, y tiene experiencia en Derecho Comercial y el Comercio Internacional. Educaci\u00f3n: Adem\u00e1s de su licenciatura de la Universidad de Panam\u00e1 (Lic., 1964), [&hellip;]<\/p>\n","protected":false},"author":1,"featured_media":64,"parent":281,"menu_order":0,"comment_status":"closed","ping_status":"closed","template":"page-inner-lawer.php","meta":{"footnotes":""},"class_list":["post-65","page","type-page","status-publish","has-post-thumbnail","hentry"],"_links":{"self":[{"href":"https:\/\/www.shirleylaw.com\/es\/wp-json\/wp\/v2\/pages\/65","targetHints":{"allow":["GET"]}}],"collection":[{"href":"https:\/\/www.shirleylaw.com\/es\/wp-json\/wp\/v2\/pages"}],"about":[{"href":"https:\/\/www.shirleylaw.com\/es\/wp-json\/wp\/v2\/types\/page"}],"author":[{"embeddable":true,"href":"https:\/\/www.shirleylaw.com\/es\/wp-json\/wp\/v2\/users\/1"}],"replies":[{"embeddable":true,"href":"https:\/\/www.shirleylaw.com\/es\/wp-json\/wp\/v2\/comments?post=65"}],"version-history":[{"count":6,"href":"https:\/\/www.shirleylaw.com\/es\/wp-json\/wp\/v2\/pages\/65\/revisions"}],"predecessor-version":[{"id":918,"href":"https:\/\/www.shirleylaw.com\/es\/wp-json\/wp\/v2\/pages\/65\/revisions\/918"}],"up":[{"embeddable":true,"href":"https:\/\/www.shirleylaw.com\/es\/wp-json\/wp\/v2\/pages\/281"}],"wp:featuredmedia":[{"embeddable":true,"href":"https:\/\/www.shirleylaw.com\/es\/wp-json\/wp\/v2\/media\/64"}],"wp:attachment":[{"href":"https:\/\/www.shirleylaw.com\/es\/wp-json\/wp\/v2\/media?parent=65"}],"curies":[{"name":"wp","href":"https:\/\/api.w.org\/{rel}","templated":true}]}}