{"id":75,"date":"2016-09-30T05:07:41","date_gmt":"2016-09-30T05:07:41","guid":{"rendered":"http:\/\/shirleylaw.com\/?page_id=75"},"modified":"2016-11-21T10:24:00","modified_gmt":"2016-11-21T10:24:00","slug":"linette-landau","status":"publish","type":"page","link":"https:\/\/www.shirleylaw.com\/es\/our-lawyers\/linette-landau\/","title":{"rendered":"Linette Landau"},"content":{"rendered":"<p><\/p>\n<p class=\"contenido_c\" align=\"justify\"><span class=\"contenido_text\">Es especialista en Derecho Comercial y Corporativo, Administrativo, Fiscal y Aeron\u00e1utico.<\/span><\/p>\n<p><strong>Experiencia Profesional: <\/strong>Se desempe\u00f1\u00f3 en la Autoridad de Aeron\u00e1utica Civil como Jefa de Normas de la Seguridad Operacional en la Direcci\u00f3n de Seguridad A\u00e9rea y como Consultora del Proyecto de Seguridad Portuaria BID\/FOMIN. A\u00f1os 2008 y 2009. Directora de Servicios Legales y Tributarios en KPMG Panam\u00e1 entre el 2000-2003.Ha sido Procuradora de la Administraci\u00f3n Segunda Suplente entre 1995-2004, periodo dentro del cual estuvo varias veces como Procuradora Encargada de la Administraci\u00f3n.<\/p>\n<p class=\"contenido_c\" align=\"justify\"><span class=\"contenido_text\">Ha sido profesora de Hacienda P\u00fablica y Derecho Tributario en la Universidad Latinoamericana de Ciencias y Tecnolog\u00eda(ULACIT), a nivel de Maestr\u00eda, y tambi\u00e9n en la Facultad de Derecho y Ciencias Pol\u00edticas como profesora de Hacienda P\u00fablica y Derecho Internacional Privado entre 1994-2007. En la Universidad del Istmo fue Profesora de Legislaci\u00f3n Tributaria de Panam\u00e1 en la Facultad de Derecho y Ciencias Pol\u00edticas en 1993.<\/span><\/p>\n<p class=\"contenido_c\" align=\"justify\"><span class=\"contenido_text\">Como asociada labor\u00f3 en las firmas: Rubio, \u00c1lvarez, Solis &amp; Abrego; Arosemena, Noriega y Contreras; Sucre, Aparicio, Bernal &amp; Shirley.<\/span><\/p>\n<p class=\"contenido_c\" align=\"justify\"><span class=\"contenido_text\"><strong>Autor: <\/strong>Bajo el auspicio de la Organizaci\u00f3n de los Estados Americanos prepar\u00f3 en el a\u00f1o 2000 la obra de investigaci\u00f3n: \u00abRevisi\u00f3n para la normativa nacional para identificar medidas necesarias para prevenir la corrupci\u00f3n en la funci\u00f3n p\u00fablica y precisar las sanciones legislativas que permiten ejercer un efectivo control parlamentario\u00bb.<\/span><\/p>\n<p class=\"contenido_text\" align=\"justify\"><strong>Educaci\u00f3n: <\/strong>Licenciada en Derecho y Ciencias Pol\u00edticas de la Universidad de Panam\u00e1, \u00a0graduada \u00a0en 1977.\u00a0 Obtuvo una Maestr\u00eda en Derecho Tributario en \u201cThe John Marshall Graduate Law School of Taxation\u201d, Chicago, Illinois en Estados Unidos en 1983.<\/p>\n<p class=\"contenido_text\" align=\"justify\"><strong>Membrec\u00edas:<\/strong> Colegio Nacional de Abogados de Panam\u00e1<\/p>\n<p class=\"contenido_text\" align=\"justify\"><strong>Idiomas:<\/strong> Ingl\u00e9s y Espa\u00f1ol.<\/p>\n<p class=\"contenido_text\" align=\"justify\"><strong>Especializaciones:<\/strong> Derecho Comercial y Corporativo, Derecho Administrativo, Fiscal y Aeron\u00e1utico.<\/p>\n<p class=\"contenido_text\" align=\"justify\"><strong>Email: <\/strong><a href=\"mailto:llandau@shirleylaw.com\"><span class=\"contenido\">llandau@shirleylaw.com<\/span><\/a><\/p>\n<p><\/p>","protected":false},"excerpt":{"rendered":"<p>Es especialista en Derecho Comercial y Corporativo, Administrativo, Fiscal y Aeron\u00e1utico. Experiencia Profesional: Se desempe\u00f1\u00f3 en la Autoridad de Aeron\u00e1utica Civil como Jefa de Normas de la Seguridad Operacional en la Direcci\u00f3n de Seguridad A\u00e9rea y como Consultora del Proyecto de Seguridad Portuaria BID\/FOMIN. A\u00f1os 2008 y 2009. Directora de Servicios Legales y Tributarios en [&hellip;]<\/p>\n","protected":false},"author":1,"featured_media":64,"parent":281,"menu_order":0,"comment_status":"closed","ping_status":"closed","template":"page-inner-lawer.php","meta":{"footnotes":""},"class_list":["post-75","page","type-page","status-publish","has-post-thumbnail","hentry"],"_links":{"self":[{"href":"https:\/\/www.shirleylaw.com\/es\/wp-json\/wp\/v2\/pages\/75","targetHints":{"allow":["GET"]}}],"collection":[{"href":"https:\/\/www.shirleylaw.com\/es\/wp-json\/wp\/v2\/pages"}],"about":[{"href":"https:\/\/www.shirleylaw.com\/es\/wp-json\/wp\/v2\/types\/page"}],"author":[{"embeddable":true,"href":"https:\/\/www.shirleylaw.com\/es\/wp-json\/wp\/v2\/users\/1"}],"replies":[{"embeddable":true,"href":"https:\/\/www.shirleylaw.com\/es\/wp-json\/wp\/v2\/comments?post=75"}],"version-history":[{"count":7,"href":"https:\/\/www.shirleylaw.com\/es\/wp-json\/wp\/v2\/pages\/75\/revisions"}],"predecessor-version":[{"id":928,"href":"https:\/\/www.shirleylaw.com\/es\/wp-json\/wp\/v2\/pages\/75\/revisions\/928"}],"up":[{"embeddable":true,"href":"https:\/\/www.shirleylaw.com\/es\/wp-json\/wp\/v2\/pages\/281"}],"wp:featuredmedia":[{"embeddable":true,"href":"https:\/\/www.shirleylaw.com\/es\/wp-json\/wp\/v2\/media\/64"}],"wp:attachment":[{"href":"https:\/\/www.shirleylaw.com\/es\/wp-json\/wp\/v2\/media?parent=75"}],"curies":[{"name":"wp","href":"https:\/\/api.w.org\/{rel}","templated":true}]}}