{"id":91,"date":"2016-09-30T05:35:23","date_gmt":"2016-09-30T05:35:23","guid":{"rendered":"http:\/\/shirleylaw.com\/?page_id=91"},"modified":"2016-11-21T19:56:32","modified_gmt":"2016-11-21T19:56:32","slug":"panama","status":"publish","type":"page","link":"https:\/\/www.shirleylaw.com\/es\/our-offices\/panama\/","title":{"rendered":"Panam\u00e1"},"content":{"rendered":"<p><\/p>\n<p class=\"contenido_text\"><span class=\"contenido_c\"><strong>Panam\u00e1 &#8211; Sede <\/strong><br \/>\n<strong>Shirley &amp; Asociados <\/strong><\/span><\/p>\n<p><strong>Contacto:<\/strong> <span class=\"tlsa\"><a href=\"mailto:lshirley@shirleylaw.com\">Luis Shirley<\/a><\/span><\/p>\n<p class=\"contenido_text\"><strong>Direcci\u00f3n F\u00edsica:<\/strong> Torre ADR, Piso 13, Avenida Samuel Lewis &amp; Calle 58. Obarrio, Ciudad de Panam\u00e1 ,Rep\u00fablica de Panam\u00e1<\/p>\n<p class=\"contenido_text\"><strong>Direcci\u00f3n para env\u00edo de correo: <\/strong><br \/>\nApartado Postal 0816-01557<br \/>\nPanam\u00e1, Rep\u00fablica de Panam\u00e1<\/p>\n<p class=\"contenido_text\"><strong>Tel. <\/strong>+507 269-2255; 264-8911<br \/>\n<strong>Fax. <\/strong>+507 269-1552; 264-7033<br \/>\n<strong>Email: <\/strong><a href=\"mailto:info@shirleylaw.com\"><span class=\"contenido\">info@shirleylaw.com<\/span><\/a>, <a href=\"mailto:shirleylaw@cwpanama.net\"><span class=\"contenido\">shirleylaw@cwpanama.net<\/span><\/a><\/p>\n<p><\/p>","protected":false},"excerpt":{"rendered":"<p>Panam\u00e1 &#8211; Sede Shirley &amp; Asociados Contacto: Luis Shirley Direcci\u00f3n F\u00edsica: Torre ADR, Piso 13, Avenida Samuel Lewis &amp; Calle 58. Obarrio, Ciudad de Panam\u00e1 ,Rep\u00fablica de Panam\u00e1 Direcci\u00f3n para env\u00edo de correo: Apartado Postal 0816-01557 Panam\u00e1, Rep\u00fablica de Panam\u00e1 Tel. +507 269-2255; 264-8911 Fax. +507 269-1552; 264-7033 Email: info@shirleylaw.com, shirleylaw@cwpanama.net<\/p>\n","protected":false},"author":1,"featured_media":92,"parent":386,"menu_order":0,"comment_status":"closed","ping_status":"closed","template":"page-inner-officer.php","meta":{"footnotes":""},"class_list":["post-91","page","type-page","status-publish","has-post-thumbnail","hentry"],"_links":{"self":[{"href":"https:\/\/www.shirleylaw.com\/es\/wp-json\/wp\/v2\/pages\/91","targetHints":{"allow":["GET"]}}],"collection":[{"href":"https:\/\/www.shirleylaw.com\/es\/wp-json\/wp\/v2\/pages"}],"about":[{"href":"https:\/\/www.shirleylaw.com\/es\/wp-json\/wp\/v2\/types\/page"}],"author":[{"embeddable":true,"href":"https:\/\/www.shirleylaw.com\/es\/wp-json\/wp\/v2\/users\/1"}],"replies":[{"embeddable":true,"href":"https:\/\/www.shirleylaw.com\/es\/wp-json\/wp\/v2\/comments?post=91"}],"version-history":[{"count":9,"href":"https:\/\/www.shirleylaw.com\/es\/wp-json\/wp\/v2\/pages\/91\/revisions"}],"predecessor-version":[{"id":1157,"href":"https:\/\/www.shirleylaw.com\/es\/wp-json\/wp\/v2\/pages\/91\/revisions\/1157"}],"up":[{"embeddable":true,"href":"https:\/\/www.shirleylaw.com\/es\/wp-json\/wp\/v2\/pages\/386"}],"wp:featuredmedia":[{"embeddable":true,"href":"https:\/\/www.shirleylaw.com\/es\/wp-json\/wp\/v2\/media\/92"}],"wp:attachment":[{"href":"https:\/\/www.shirleylaw.com\/es\/wp-json\/wp\/v2\/media?parent=91"}],"curies":[{"name":"wp","href":"https:\/\/api.w.org\/{rel}","templated":true}]}}